{"id":3000,"date":"2025-10-14T07:29:31","date_gmt":"2025-10-14T07:29:31","guid":{"rendered":"https:\/\/miamor.hu\/?page_id=3000"},"modified":"2025-10-26T11:11:48","modified_gmt":"2025-10-26T11:11:48","slug":"programok-jegpalya","status":"publish","type":"page","link":"https:\/\/miamor.hu\/en\/programok-jegpalya\/","title":{"rendered":"Programok &#8211; J\u00e9gp\u00e1lya"},"content":{"rendered":"<p>[et_pb_section fb_built=&#8221;1&#8243; custom_padding_last_edited=&#8221;on|tablet&#8221; admin_label=&#8221;Hero Section&#8221; _builder_version=&#8221;4.20.4&#8243; use_background_color_gradient=&#8221;on&#8221; background_color_gradient_stops=&#8221;rgba(255,255,255,0) 0%|#ffffff 100%&#8221; background_color_gradient_overlays_image=&#8221;on&#8221; background_color_gradient_start=&#8221;rgba(255,255,255,0)&#8221; background_color_gradient_end=&#8221;#ffffff&#8221; background_image=&#8221;https:\/\/miamor.hu\/wp-content\/uploads\/2025\/10\/Nevtelen-1920-x-1080-keppont-2.jpg&#8221; custom_padding=&#8221;100px|0px|55px|0px||&#8221; custom_padding_tablet=&#8221;|||&#8221; custom_padding_phone=&#8221;|||&#8221; background_last_edited=&#8221;off|desktop&#8221; global_colors_info=&#8221;{}&#8221; background__hover_enabled=&#8221;off|desktop&#8221;][et_pb_row _builder_version=&#8221;4.16&#8243; custom_padding=&#8221;|||&#8221; animation_style=&#8221;slide&#8221; animation_direction=&#8221;bottom&#8221; animation_intensity_slide=&#8221;10%&#8221; global_colors_info=&#8221;{}&#8221;][et_pb_column type=&#8221;4_4&#8243; _builder_version=&#8221;4.16&#8243; custom_padding=&#8221;|||&#8221; global_colors_info=&#8221;{}&#8221; custom_padding__hover=&#8221;|||&#8221;][et_pb_text admin_label=&#8221;Title and subhead&#8221; _builder_version=&#8221;4.20.4&#8243; text_font=&#8221;Ubuntu||||||||&#8221; text_font_size=&#8221;16px&#8221; text_line_height=&#8221;1.8em&#8221; header_font=&#8221;Montserrat|700|||||||&#8221; header_font_size=&#8221;50px&#8221; header_line_height=&#8221;1.4em&#8221; header_2_font=&#8221;||||||||&#8221; text_orientation=&#8221;center&#8221; max_width=&#8221;600px&#8221; module_alignment=&#8221;center&#8221; header_font_size_tablet=&#8221;&#8221; header_font_size_phone=&#8221;40px&#8221; header_font_size_last_edited=&#8221;on|desktop&#8221; locked=&#8221;off&#8221; global_colors_info=&#8221;{}&#8221;]<\/p>\n<h2><span style=\"color: #333333;\"><strong>WHICH WILL WE MEET?<\/strong><\/span><\/h2>\n<p>&nbsp;<\/p>\n<p>[\/et_pb_text][\/et_pb_column][\/et_pb_row][\/et_pb_section][et_pb_section fb_built=&#8221;1&#8243; _builder_version=&#8221;4.20.4&#8243; _module_preset=&#8221;default&#8221; background_color=&#8221;rgba(255,0,0,0)&#8221; background_enable_image=&#8221;off&#8221; background_blend=&#8221;lighten&#8221; width=&#8221;100%&#8221; min_height=&#8221;455.1px&#8221; global_colors_info=&#8221;{}&#8221;][et_pb_row column_structure=&#8221;1_2,1_2&#8243; _builder_version=&#8221;4.20.4&#8243; _module_preset=&#8221;default&#8221; custom_margin=&#8221;|auto|-35px|auto||&#8221; custom_padding=&#8221;||49px|||&#8221; global_colors_info=&#8221;{}&#8221;][et_pb_column type=&#8221;1_2&#8243; _builder_version=&#8221;4.20.4&#8243; _module_preset=&#8221;default&#8221; global_colors_info=&#8221;{}&#8221;][et_pb_image src=&#8221;https:\/\/miamor.hu\/wp-content\/uploads\/2025\/10\/esemeny-boritok-39.jpg&#8221; title_text=&#8221;esem\u00e9ny bor\u00edt\u00f3k (39)&#8221; url=&#8221;https:\/\/www.facebook.com\/events\/1290513309490109&#8243; _builder_version=&#8221;4.20.4&#8243; _module_preset=&#8221;default&#8221; min_height=&#8221;18.6px&#8221; custom_margin=&#8221;||14px|||&#8221; hover_enabled=&#8221;0&#8243; global_colors_info=&#8221;{}&#8221; sticky_enabled=&#8221;0&#8243;][\/et_pb_image][et_pb_image src=&#8221;https:\/\/miamor.hu\/wp-content\/uploads\/2025\/10\/esemeny-boritok-37.jpg&#8221; title_text=&#8221;esem\u00e9ny bor\u00edt\u00f3k (37)&#8221; url=&#8221;https:\/\/www.facebook.com\/events\/856278706752170&#8243; _builder_version=&#8221;4.20.4&#8243; _module_preset=&#8221;default&#8221; min_height=&#8221;18.6px&#8221; custom_margin=&#8221;||14px|||&#8221; hover_enabled=&#8221;0&#8243; global_colors_info=&#8221;{}&#8221; sticky_enabled=&#8221;0&#8243;][\/et_pb_image][et_pb_image src=&#8221;https:\/\/miamor.hu\/wp-content\/uploads\/2025\/10\/esemeny-boritok-35.jpg&#8221; title_text=&#8221;esem\u00e9ny bor\u00edt\u00f3k (35)&#8221; _builder_version=&#8221;4.20.4&#8243; _module_preset=&#8221;default&#8221; min_height=&#8221;18.6px&#8221; custom_margin=&#8221;||14px|||&#8221; hover_enabled=&#8221;0&#8243; global_colors_info=&#8221;{}&#8221; sticky_enabled=&#8221;0&#8243;][\/et_pb_image][et_pb_image src=&#8221;https:\/\/miamor.hu\/wp-content\/uploads\/2025\/10\/KVIZ-1.jpg&#8221; title_text=&#8221;KV\u00cdZ (1)&#8221; url=&#8221;https:\/\/www.facebook.com\/events\/797458766548719\/797458789882050\/&#8221; _builder_version=&#8221;4.20.4&#8243; _module_preset=&#8221;default&#8221; min_height=&#8221;18.6px&#8221; custom_margin=&#8221;||14px|||&#8221; hover_enabled=&#8221;0&#8243; global_colors_info=&#8221;{}&#8221; sticky_enabled=&#8221;0&#8243;][\/et_pb_image][et_pb_text _builder_version=&#8221;4.20.4&#8243; _module_preset=&#8221;default&#8221; custom_margin=&#8221;||-2px|||&#8221; custom_padding=&#8221;144px|||||&#8221; global_colors_info=&#8221;{}&#8221;]<\/p>\n<h3 style=\"text-align: center;\">Previous events<\/h3>\n<p>[\/et_pb_text][et_pb_image src=&#8221;https:\/\/miamor.hu\/wp-content\/uploads\/2025\/10\/557165903_1465532421304579_3493429795223013058_n.jpg&#8221; title_text=&#8221;557165903_1465532421304579_3493429795223013058_n&#8221; url=&#8221;https:\/\/www.facebook.com\/events\/1498885464588459\/&#8221; _builder_version=&#8221;4.20.4&#8243; _module_preset=&#8221;default&#8221; min_height=&#8221;18.6px&#8221; custom_margin=&#8221;||14px|||&#8221; global_colors_info=&#8221;{}&#8221;][\/et_pb_image][et_pb_text admin_label=&#8221;Sz\u00f6veg&#8221; _builder_version=&#8221;4.20.4&#8243; _module_preset=&#8221;default&#8221; custom_margin=&#8221;||6px||false|false&#8221; custom_padding=&#8221;10px||||false|false&#8221; link_option_url=&#8221;https:\/\/www.tixa.hu\/a-so-babeloadas-a-romai-parton-20251004&#8243; global_colors_info=&#8221;{}&#8221;]<\/p>\n<h3 style=\"text-align: center;\">Jegyv\u00e1s\u00e1rl\u00e1s<\/h3>\n<p>[\/et_pb_text][et_pb_image src=&#8221;https:\/\/miamor.hu\/wp-content\/uploads\/2025\/10\/esemeny-boritok-34.jpg&#8221; title_text=&#8221;esem\u00e9ny bor\u00edt\u00f3k (34)&#8221; url=&#8221;https:\/\/www.facebook.com\/events\/1283864089722139\/&#8221; _builder_version=&#8221;4.20.4&#8243; _module_preset=&#8221;default&#8221; min_height=&#8221;18.6px&#8221; custom_margin=&#8221;||14px|||&#8221; global_colors_info=&#8221;{}&#8221;][\/et_pb_image][et_pb_text _builder_version=&#8221;4.20.4&#8243; _module_preset=&#8221;default&#8221; custom_margin=&#8221;||-2px|||&#8221; custom_padding=&#8221;10px||||false|false&#8221; link_option_url=&#8221;https:\/\/www.tixa.hu\/alma-egyuttes-interaktiv-gyerekkoncert-a-romai-parton-20251012&#8243; global_colors_info=&#8221;{}&#8221;]<\/p>\n<h3 style=\"text-align: center;\">Jegyv\u00e1s\u00e1rl\u00e1s<\/h3>\n<p>[\/et_pb_text][et_pb_image src=&#8221;https:\/\/miamor.hu\/wp-content\/uploads\/2025\/09\/Szureti-mulatsag-a-Romai-parton-1.jpg&#8221; title_text=&#8221;Sz\u00fcreti mulats\u00e1g a R\u00f3mai-parton (1)&#8221; url=&#8221;https:\/\/www.facebook.com\/events\/1259259959333114&#8243; _builder_version=&#8221;4.20.4&#8243; _module_preset=&#8221;default&#8221; min_height=&#8221;18.6px&#8221; custom_margin=&#8221;||14px|||&#8221; global_colors_info=&#8221;{}&#8221;][\/et_pb_image][et_pb_image src=&#8221;https:\/\/miamor.hu\/wp-content\/uploads\/2025\/09\/esemeny-boritok-32.jpg&#8221; title_text=&#8221;esem\u00e9ny bor\u00edt\u00f3k (32)&#8221; url=&#8221;https:\/\/www.facebook.com\/events\/558522310516283&#8243; _builder_version=&#8221;4.20.4&#8243; _module_preset=&#8221;default&#8221; min_height=&#8221;18.6px&#8221; custom_margin=&#8221;||14px|||&#8221; global_colors_info=&#8221;{}&#8221;][\/et_pb_image][et_pb_image src=&#8221;https:\/\/miamor.hu\/wp-content\/uploads\/2025\/09\/esemeny-boritok-31.jpg&#8221; title_text=&#8221;esem\u00e9ny bor\u00edt\u00f3k (31)&#8221; url=&#8221;https:\/\/www.facebook.com\/events\/558522310516283&#8243; _builder_version=&#8221;4.20.4&#8243; _module_preset=&#8221;default&#8221; min_height=&#8221;18.6px&#8221; custom_margin=&#8221;||14px|||&#8221; global_colors_info=&#8221;{}&#8221;][\/et_pb_image][et_pb_image src=&#8221;https:\/\/miamor.hu\/wp-content\/uploads\/2025\/01\/esemeny-boritok-22.jpg&#8221; title_text=&#8221;esem\u00e9ny bor\u00edt\u00f3k (22)&#8221; url=&#8221;https:\/\/www.facebook.com\/events\/558522310516283&#8243; _builder_version=&#8221;4.20.4&#8243; _module_preset=&#8221;default&#8221; min_height=&#8221;18.6px&#8221; custom_margin=&#8221;||14px|||&#8221; global_colors_info=&#8221;{}&#8221;][\/et_pb_image][et_pb_image src=&#8221;https:\/\/miamor.hu\/wp-content\/uploads\/2025\/01\/esemeny-boritok-20.jpg&#8221; title_text=&#8221;esem\u00e9ny bor\u00edt\u00f3k (20)&#8221; url=&#8221;https:\/\/www.facebook.com\/events\/622218846823661\/&#8221; _builder_version=&#8221;4.20.4&#8243; _module_preset=&#8221;default&#8221; min_height=&#8221;18.6px&#8221; custom_margin=&#8221;||14px|||&#8221; global_colors_info=&#8221;{}&#8221;][\/et_pb_image][et_pb_image src=&#8221;https:\/\/miamor.hu\/wp-content\/uploads\/2024\/11\/Mikulas-4.jpg&#8221; title_text=&#8221;Mikul\u00e1s (4)&#8221; url=&#8221;https:\/\/www.facebook.com\/events\/1005318908280839&#8243; _builder_version=&#8221;4.20.4&#8243; _module_preset=&#8221;default&#8221; min_height=&#8221;18.6px&#8221; custom_margin=&#8221;||14px|||&#8221; global_colors_info=&#8221;{}&#8221;][\/et_pb_image][et_pb_image src=&#8221;https:\/\/miamor.hu\/wp-content\/uploads\/2024\/11\/esemeny-boritok-17.jpg&#8221; title_text=&#8221;esem\u00e9ny bor\u00edt\u00f3k (17)&#8221; url=&#8221;https:\/\/www.facebook.com\/events\/1065226078688708&#8243; _builder_version=&#8221;4.20.4&#8243; _module_preset=&#8221;default&#8221; custom_margin=&#8221;||144px|||&#8221; global_colors_info=&#8221;{}&#8221;][\/et_pb_image][et_pb_image src=&#8221;https:\/\/miamor.hu\/wp-content\/uploads\/2024\/11\/esemeny-boritok-16-1.jpg&#8221; title_text=&#8221;esem\u00e9ny bor\u00edt\u00f3k (16) (1)&#8221; url=&#8221;https:\/\/www.facebook.com\/events\/1109560820530649&#8243; _builder_version=&#8221;4.20.4&#8243; _module_preset=&#8221;default&#8221; custom_margin=&#8221;-120px||144px|||&#8221; global_colors_info=&#8221;{}&#8221;][\/et_pb_image][et_pb_image src=&#8221;https:\/\/miamor.hu\/wp-content\/uploads\/2024\/11\/esemeny-boritok-14-scaled.jpg&#8221; title_text=&#8221;esem\u00e9ny bor\u00edt\u00f3k (14)&#8221; url=&#8221;https:\/\/www.facebook.com\/events\/1732824210797450&#8243; _builder_version=&#8221;4.20.4&#8243; _module_preset=&#8221;default&#8221; custom_margin=&#8221;-114px|||||&#8221; global_colors_info=&#8221;{}&#8221;][\/et_pb_image][et_pb_image src=&#8221;https:\/\/miamor.hu\/wp-content\/uploads\/2024\/10\/esemeny-boritok-11.jpg&#8221; title_text=&#8221;esem\u00e9ny bor\u00edt\u00f3k (11)&#8221; url=&#8221;https:\/\/www.facebook.com\/events\/1744173179452191?acontext=%7B%22event_action_history%22%3A%91%7B%22extra_data%22%3A%22%22%2C%22mechanism%22%3A%22your_upcoming_events_unit%22%2C%22surface%22%3A%22bookmark%22%7D%2C%7B%22extra_data%22%3A%22%22%2C%22mechanism%22%3A%22your_upcoming_events_unit%22%2C%22surface%22%3A%22bookmark%22%7D%2C%7B%22extra_data%22%3A%22%22%2C%22mechanism%22%3A%22your_upcoming_events_unit%22%2C%22surface%22%3A%22bookmark%22%7D%93%2C%22ref_notif_type%22%3Anull%7D&#8221; _builder_version=&#8221;4.20.4&#8243; _module_preset=&#8221;default&#8221; global_colors_info=&#8221;{}&#8221;][\/et_pb_image][\/et_pb_column][et_pb_column type=&#8221;1_2&#8243; _builder_version=&#8221;4.20.4&#8243; _module_preset=&#8221;default&#8221; global_colors_info=&#8221;{}&#8221;][et_pb_post_slider posts_number=&#8221;2&#8243; include_categories=&#8221;all&#8221; show_pagination=&#8221;off&#8221; show_more_button=&#8221;off&#8221; show_meta=&#8221;off&#8221; image_placement=&#8221;left&#8221; show_image_video_mobile=&#8221;on&#8221; disabled_on=&#8221;on|on|on&#8221; admin_label=&#8221;Bejegyz\u00e9s g\u00f6rget\u0151&#8221; _builder_version=&#8221;4.20.4&#8243; _dynamic_attributes=&#8221;link_option_url&#8221; _module_preset=&#8221;default&#8221; auto=&#8221;on&#8221; auto_speed=&#8221;3000&#8243; link_option_url=&#8221;@ET-DC@eyJkeW5hbWljIjp0cnVlLCJjb250ZW50IjoicG9zdF9saW5rX3VybF9wb3N0Iiwic2V0dGluZ3MiOnsicG9zdF9pZCI6IjE0NzQifX0=@&#8221; box_shadow_style_image=&#8221;preset2&#8243; disabled=&#8221;on&#8221; global_colors_info=&#8221;{}&#8221;][\/et_pb_post_slider][\/et_pb_column][\/et_pb_row][et_pb_row _builder_version=&#8221;4.20.4&#8243; _module_preset=&#8221;default&#8221; global_colors_info=&#8221;{}&#8221;][et_pb_column type=&#8221;4_4&#8243; _builder_version=&#8221;4.20.4&#8243; _module_preset=&#8221;default&#8221; global_colors_info=&#8221;{}&#8221;][\/et_pb_column][\/et_pb_row][et_pb_row _builder_version=&#8221;4.16&#8243; module_alignment=&#8221;left&#8221; custom_padding=&#8221;0|0px|0|0px|true|false&#8221; global_colors_info=&#8221;{}&#8221;][et_pb_column type=&#8221;4_4&#8243; _builder_version=&#8221;4.16&#8243; custom_padding=&#8221;|||&#8221; global_colors_info=&#8221;{}&#8221; custom_padding__hover=&#8221;|||&#8221;][et_pb_divider color=&#8221;rgba(255,255,255,0.31)&#8221; divider_style=&#8221;dashed&#8221; _builder_version=&#8221;4.20.4&#8243; global_colors_info=&#8221;{}&#8221;][\/et_pb_divider][\/et_pb_column][\/et_pb_row][\/et_pb_section][et_pb_section fb_built=&#8221;1&#8243; custom_padding_last_edited=&#8221;off|desktop&#8221; admin_label=&#8221;Header&#8221; _builder_version=&#8221;4.20.4&#8243; background_color=&#8221;#2a2e40&#8243; use_background_color_gradient=&#8221;on&#8221; background_color_gradient_type=&#8221;circular&#8221; background_color_gradient_stops=&#8221;rgba(42,46,64,0) 0%|#2a2e40 100%&#8221; background_color_gradient_overlays_image=&#8221;on&#8221; background_color_gradient_start=&#8221;rgba(42,46,64,0)&#8221; background_color_gradient_end=&#8221;#2a2e40&#8243; background_color_gradient_end_position=&#8221;70%&#8221; background_image=&#8221;https:\/\/miamor.hu\/wp-content\/uploads\/2023\/03\/miamor_141-1-scaled.jpg&#8221; custom_padding=&#8221;||0px&#8221; custom_padding_tablet=&#8221;0vw||&#8221; custom_padding_phone=&#8221;0vw||&#8221; global_colors_info=&#8221;{}&#8221;][et_pb_row custom_padding_last_edited=&#8221;on|tablet&#8221; _builder_version=&#8221;4.20.4&#8243; max_width=&#8221;80%&#8221; custom_margin=&#8221;||&#8221; custom_padding=&#8221;||0||false|false&#8221; custom_padding_tablet=&#8221;||40px|0%&#8221; custom_padding_phone=&#8221;&#8221; use_custom_width=&#8221;on&#8221; width_unit=&#8221;off&#8221; global_colors_info=&#8221;{}&#8221;][et_pb_column type=&#8221;4_4&#8243; _builder_version=&#8221;4.16&#8243; custom_padding=&#8221;|||&#8221; global_colors_info=&#8221;{}&#8221; custom_padding__hover=&#8221;|||&#8221;][et_pb_text _builder_version=&#8221;4.20.4&#8243; text_font=&#8221;||||||||&#8221; header_font=&#8221;Oswald|300||on|||||&#8221; header_text_color=&#8221;RGBA(255,255,255,0)&#8221; header_font_size=&#8221;7vw&#8221; header_letter_spacing=&#8221;0.35em&#8221; header_line_height=&#8221;1.2em&#8221; header_2_font=&#8221;||||||||&#8221; header_3_font=&#8221;Oswald|||on|||||&#8221; header_3_font_size=&#8221;12px&#8221; header_3_letter_spacing=&#8221;1.5em&#8221; header_3_line_height=&#8221;2.4em&#8221; background_layout=&#8221;dark&#8221; max_width=&#8221;80%&#8221; animation_style=&#8221;slide&#8221; animation_direction=&#8221;right&#8221; animation_duration=&#8221;2000ms&#8221; animation_intensity_slide=&#8221;2%&#8221; header_font_size_tablet=&#8221;40px&#8221; header_font_size_phone=&#8221;30px&#8221; header_font_size_last_edited=&#8221;on|phone&#8221; header_letter_spacing_tablet=&#8221;10px&#8221; header_letter_spacing_phone=&#8221;7px&#8221; header_letter_spacing_last_edited=&#8221;off|desktop&#8221; header_line_height_tablet=&#8221;1.5em&#8221; header_line_height_phone=&#8221;1.5em&#8221; header_line_height_last_edited=&#8221;on|phone&#8221; header_3_font_size_tablet=&#8221;10px&#8221; header_3_font_size_phone=&#8221;10px&#8221; header_3_font_size_last_edited=&#8221;on|desktop&#8221; header_3_letter_spacing_tablet=&#8221;&#8221; header_3_letter_spacing_phone=&#8221;3px&#8221; header_3_letter_spacing_last_edited=&#8221;on|phone&#8221; global_colors_info=&#8221;{}&#8221;]<\/p>\n<h3>\u00a0<\/h3>\n<h1>Kapcsol<\/h1>\n<p>[\/et_pb_text][et_pb_button _builder_version=&#8221;4.20.4&#8243; custom_button=&#8221;on&#8221; button_text_size=&#8221;16px&#8221; button_text_color=&#8221;#ffffff&#8221; button_bg_color=&#8221;rgba(0,0,0,0)&#8221; button_border_width=&#8221;0px&#8221; button_border_radius=&#8221;0px&#8221; button_letter_spacing=&#8221;5px&#8221; button_font=&#8221;Oswald|500||on|||||&#8221; button_use_icon=&#8221;off&#8221; custom_margin=&#8221;||&#8221; custom_padding=&#8221;15px||15px||true&#8221; box_shadow_style=&#8221;preset4&#8243; box_shadow_horizontal=&#8221;0px&#8221; box_shadow_vertical=&#8221;2px&#8221; box_shadow_color=&#8221;#E02B20&#8243; global_colors_info=&#8221;{}&#8221; button_bg_color__hover=&#8221;#ffffff&#8221; button_border_width__hover=&#8221;2px&#8221; button_text_color__hover=&#8221;#000000&#8243; button_border_color__hover=&#8221;#ffffff&#8221; box_shadow_vertical__hover_enabled=&#8221;on&#8221; box_shadow_vertical__hover=&#8221;8px&#8221;][\/et_pb_button][\/et_pb_column][\/et_pb_row][et_pb_row column_structure=&#8221;1_2,1_2&#8243; custom_padding_last_edited=&#8221;off|desktop&#8221; padding_top_bottom_link_2=&#8221;true&#8221; padding_left_right_link_2=&#8221;true&#8221; _builder_version=&#8221;4.20.0&#8243; width=&#8221;100%&#8221; max_width=&#8221;100%&#8221; module_alignment=&#8221;right&#8221; min_height=&#8221;135px&#8221; custom_margin_tablet=&#8221;7vw||&#8221; custom_padding=&#8221;0|0px|0|0px|false|false&#8221; animation_direction=&#8221;left&#8221; use_custom_width=&#8221;on&#8221; width_unit=&#8221;off&#8221; custom_width_percent=&#8221;100%&#8221; locked=&#8221;off&#8221; global_colors_info=&#8221;{}&#8221;][et_pb_column type=&#8221;1_2&#8243; _builder_version=&#8221;4.16&#8243; custom_padding=&#8221;|||&#8221; custom_padding_tablet=&#8221;40px|||&#8221; custom_padding_phone=&#8221;20px|||&#8221; global_colors_info=&#8221;{}&#8221; padding_phone=&#8221;20px|||&#8221; padding_tablet=&#8221;40px|||&#8221; custom_padding__hover=&#8221;|||&#8221;][\/et_pb_column][et_pb_column type=&#8221;1_2&#8243; _builder_version=&#8221;4.20.0&#8243; background_color=&#8221;#E02B20&#8243; custom_padding=&#8221;40px|40px|40px|40px&#8221; custom_padding_tablet=&#8221;|40px||40px||true&#8221; custom_padding_phone=&#8221;|||&#8221; custom_padding_last_edited=&#8221;off|desktop&#8221; global_colors_info=&#8221;{}&#8221; padding_phone=&#8221;|||&#8221; padding_tablet=&#8221;|40px||40px||true&#8221; padding_last_edited=&#8221;off|desktop&#8221; custom_padding__hover=&#8221;|||&#8221;][et_pb_text _builder_version=&#8221;4.20.4&#8243; _dynamic_attributes=&#8221;link_option_url&#8221; text_font=&#8221;||||||||&#8221; text_line_height=&#8221;2em&#8221; ul_font=&#8221;||||||||&#8221; ol_font=&#8221;||||||||&#8221; header_font=&#8221;||||||||&#8221; header_2_font=&#8221;Oswald|||on|||||&#8221; header_2_text_align=&#8221;left&#8221; header_2_letter_spacing=&#8221;3px&#8221; header_2_line_height=&#8221;1.8em&#8221; background_layout=&#8221;dark&#8221; max_width=&#8221;700px&#8221; module_alignment=&#8221;left&#8221; custom_margin=&#8221;||10px&#8221; link_option_url=&#8221;@ET-DC@eyJkeW5hbWljIjp0cnVlLCJjb250ZW50IjoicG9zdF9saW5rX3VybF9wYWdlIiwic2V0dGluZ3MiOnsicG9zdF9pZCI6IjE0ODQifX0=@&#8221; header_2_font_size_tablet=&#8221;&#8221; header_2_font_size_phone=&#8221;20px&#8221; header_2_font_size_last_edited=&#8221;on|phone&#8221; header_2_letter_spacing_tablet=&#8221;3px&#8221; header_2_letter_spacing_last_edited=&#8221;off|desktop&#8221; global_colors_info=&#8221;{}&#8221; header_font_size__hover=&#8221;30px&#8221; header_font_size__hover_enabled=&#8221;30px&#8221; header_letter_spacing__hover=&#8221;0px&#8221; header_letter_spacing__hover_enabled=&#8221;0px&#8221; header_text_shadow_style__hover=&#8221;none&#8221; header_text_shadow_style__hover_enabled=&#8221;none&#8221; header_text_shadow_color__hover=&#8221;rgba(0,0,0,0.4)&#8221; header_text_shadow_color__hover_enabled=&#8221;rgba(0,0,0,0.4)&#8221; header_2_font_size__hover=&#8221;26px&#8221; header_2_font_size__hover_enabled=&#8221;26px&#8221; header_2_letter_spacing__hover=&#8221;0px&#8221; header_2_letter_spacing__hover_enabled=&#8221;0px&#8221; header_2_line_height__hover=&#8221;1em&#8221; header_2_line_height__hover_enabled=&#8221;1em&#8221; header_2_text_shadow_style__hover=&#8221;none&#8221; header_2_text_shadow_style__hover_enabled=&#8221;none&#8221; header_2_text_shadow_color__hover=&#8221;rgba(0,0,0,0.4)&#8221; header_2_text_shadow_color__hover_enabled=&#8221;rgba(0,0,0,0.4)&#8221; header_3_font_size__hover=&#8221;22px&#8221; header_3_font_size__hover_enabled=&#8221;22px&#8221; header_3_letter_spacing__hover=&#8221;0px&#8221; header_3_letter_spacing__hover_enabled=&#8221;0px&#8221; header_3_line_height__hover=&#8221;1em&#8221; header_3_line_height__hover_enabled=&#8221;1em&#8221; header_3_text_shadow_style__hover=&#8221;none&#8221; header_3_text_shadow_style__hover_enabled=&#8221;none&#8221; header_3_text_shadow_color__hover=&#8221;rgba(0,0,0,0.4)&#8221; header_3_text_shadow_color__hover_enabled=&#8221;rgba(0,0,0,0.4)&#8221; header_4_font_size__hover=&#8221;18px&#8221; header_4_font_size__hover_enabled=&#8221;18px&#8221; header_4_letter_spacing__hover=&#8221;0px&#8221; header_4_letter_spacing__hover_enabled=&#8221;0px&#8221; header_4_line_height__hover=&#8221;1em&#8221; header_4_line_height__hover_enabled=&#8221;1em&#8221; header_4_text_shadow_style__hover=&#8221;none&#8221; header_4_text_shadow_style__hover_enabled=&#8221;none&#8221; header_4_text_shadow_color__hover=&#8221;rgba(0,0,0,0.4)&#8221; header_4_text_shadow_color__hover_enabled=&#8221;rgba(0,0,0,0.4)&#8221; header_5_font_size__hover=&#8221;16px&#8221; header_5_font_size__hover_enabled=&#8221;16px&#8221; header_5_letter_spacing__hover=&#8221;0px&#8221; header_5_letter_spacing__hover_enabled=&#8221;0px&#8221; header_5_line_height__hover=&#8221;1em&#8221; header_5_line_height__hover_enabled=&#8221;1em&#8221; header_5_text_shadow_style__hover=&#8221;none&#8221; header_5_text_shadow_style__hover_enabled=&#8221;none&#8221; header_5_text_shadow_color__hover=&#8221;rgba(0,0,0,0.4)&#8221; header_5_text_shadow_color__hover_enabled=&#8221;rgba(0,0,0,0.4)&#8221; header_6_font_size__hover=&#8221;14px&#8221; header_6_font_size__hover_enabled=&#8221;14px&#8221; header_6_letter_spacing__hover=&#8221;0px&#8221; header_6_letter_spacing__hover_enabled=&#8221;0px&#8221; header_6_line_height__hover=&#8221;1em&#8221; header_6_line_height__hover_enabled=&#8221;1em&#8221; header_6_text_shadow_style__hover=&#8221;none&#8221; header_6_text_shadow_style__hover_enabled=&#8221;none&#8221; header_6_text_shadow_color__hover=&#8221;rgba(0,0,0,0.4)&#8221; header_6_text_shadow_color__hover_enabled=&#8221;rgba(0,0,0,0.4)&#8221;]<\/p>\n<h2><a href=\"https:\/\/miamor.hu\/en\/korabbi-esemenyeink\/\">Previous events<\/a><\/h2>\n<p>[\/et_pb_text][\/et_pb_column][\/et_pb_row][\/et_pb_section]<\/p>","protected":false},"excerpt":{"rendered":"<p>MELYIKEN TAL\u00c1LKOZUNK? &nbsp;Kor\u00e1bbi esem\u00e9nyeinkJegyv\u00e1s\u00e1rl\u00e1sJegyv\u00e1s\u00e1rl\u00e1s\u00a0 KapcsolKor\u00e1bbi esem\u00e9nyeink<\/p>","protected":false},"author":1,"featured_media":0,"parent":0,"menu_order":0,"comment_status":"closed","ping_status":"closed","template":"","meta":{"_et_pb_use_builder":"on","_et_pb_old_content":"","_et_gb_content_width":""},"_links":{"self":[{"href":"https:\/\/miamor.hu\/en\/wp-json\/wp\/v2\/pages\/3000"}],"collection":[{"href":"https:\/\/miamor.hu\/en\/wp-json\/wp\/v2\/pages"}],"about":[{"href":"https:\/\/miamor.hu\/en\/wp-json\/wp\/v2\/types\/page"}],"author":[{"embeddable":true,"href":"https:\/\/miamor.hu\/en\/wp-json\/wp\/v2\/users\/1"}],"replies":[{"embeddable":true,"href":"https:\/\/miamor.hu\/en\/wp-json\/wp\/v2\/comments?post=3000"}],"version-history":[{"count":5,"href":"https:\/\/miamor.hu\/en\/wp-json\/wp\/v2\/pages\/3000\/revisions"}],"predecessor-version":[{"id":3093,"href":"https:\/\/miamor.hu\/en\/wp-json\/wp\/v2\/pages\/3000\/revisions\/3093"}],"wp:attachment":[{"href":"https:\/\/miamor.hu\/en\/wp-json\/wp\/v2\/media?parent=3000"}],"curies":[{"name":"wp","href":"https:\/\/api.w.org\/{rel}","templated":true}]}}