{"id":2887,"date":"2025-06-23T16:18:40","date_gmt":"2025-06-23T16:18:40","guid":{"rendered":"https:\/\/miamor.hu\/?page_id=2887"},"modified":"2025-06-23T16:18:40","modified_gmt":"2025-06-23T16:18:40","slug":"aszf-parkolo","status":"publish","type":"page","link":"https:\/\/miamor.hu\/en\/aszf-parkolo\/","title":{"rendered":"Parkol\u00e1si Szab\u00e1lyzat \u00e9s \u00c1ltal\u00e1nos Szerz\u0151d\u00e9si Felt\u00e9telek (\u00c1SZF)"},"content":{"rendered":"<p>A parkol\u00f3 \u00fczemeltet\u0151je az al\u00e1bbi c\u00e9g:<br \/>\n\u25cf C\u00e9gn\u00e9v: Veganetfood Korl\u00e1tolt Felel\u0151ss\u00e9g\u0171 T\u00e1rsas\u00e1g<br \/>\n\u25cf R\u00f6vid\u00edtett n\u00e9v: Veganetfood Kft.<br \/>\n\u25cf Sz\u00e9khely: 2013 Pom\u00e1z, Panor\u00e1ma \u00fat 9., Magyarorsz\u00e1g<br \/>\n\u25cf C\u00e9gjegyz\u00e9ksz\u00e1m: 13 09 172628<br \/>\n\u25cf Ad\u00f3sz\u00e1m: 22997092-2-13<br \/>\n1. Bevezet\u0151 rendelkez\u00e9sek 1.1. Jelen dokumentum a Veganetfood Kft. (sz\u00e9khely:<br \/>\n1031 Budapest, R\u00f3mai part; ad\u00f3sz\u00e1m: &#8230;) \u00e1ltal \u00fczemeltetett Miamor R\u00f3maim<br \/>\nvend\u00e9gl\u00e1t\u00f3egys\u00e9ghez tartoz\u00f3 parkol\u00f3 (a tov\u00e1bbiakban: &#8222;parkol\u00f3&#8221;) haszn\u00e1lat\u00e1nak<br \/>\nfelt\u00e9teleit tartalmazza.<br \/>\n1.2. A parkol\u00f3 nem \u0151rz\u00f6tt, de mag\u00e1nter\u00fcletnek min\u0151s\u00fcl, ahol kiz\u00e1r\u00f3lag a Miamor<br \/>\nvend\u00e9gei jogosultak id\u0151szakos haszn\u00e1latra. A ter\u00fcletre t\u00f6rt\u00e9n\u0151 behajt\u00e1ssal a j\u00e1rm\u0171<br \/>\nvezet\u0151je automatikusan elfogadja a jelen Szab\u00e1lyzat \u00e9s \u00c1ltal\u00e1nos Szerz\u0151d\u00e9si<br \/>\nFelt\u00e9telek tartalm\u00e1t.<br \/>\n2. Parkol\u00e1s d\u00edja \u00e9s fizet\u00e9s menete 2.1. A parkol\u00e1s d\u00edja: 250 Ft \/ megkezdett \u00f3ra.<br \/>\n2.2. Minden j\u00e1rm\u0171 behajt\u00e1skor k\u00f6teles parkol\u00f3k\u00e1rty\u00e1t h\u00fazni, m\u00e9g akkor is, ha a<br \/>\nsoromp\u00f3 nyitott \u00e1llapotban van. Ez a l\u00e9p\u00e9s a szolg\u00e1ltat\u00e1s ig\u00e9nybev\u00e9tel\u00e9nek felt\u00e9tele.<br \/>\n2.3. A parkol\u00e1si d\u00edj rendez\u00e9s\u00e9re kiz\u00e1r\u00f3lag a Miamor b\u00e1rban van lehet\u0151s\u00e9g a t\u00e1voz\u00e1s<br \/>\nel\u0151tt.<br \/>\n2.4. A fizet\u00e9st k\u00f6vet\u0151en a vend\u00e9gnek 15 perc \u00e1ll rendelkez\u00e9sre a parkol\u00f3<br \/>\nelhagy\u00e1s\u00e1ra.<br \/>\n2.5. A fizetett k\u00e1rty\u00e1t a t\u00e1voz\u00e1skor a soromp\u00f3n\u00e1l l\u00e9v\u0151 gy\u0171jt\u0151be kell bedobni, ezut\u00e1n<br \/>\nny\u00edlik a soromp\u00f3.<br \/>\n2.6. Elveszett k\u00e1rtya eset\u00e9n az egyszeri p\u00f3td\u00edj: 5000 Ft.<br \/>\n3. A parkol\u00f3 haszn\u00e1lat\u00e1nak felt\u00e9telei 3.1. A parkol\u00f3 kiz\u00e1r\u00f3lag a vend\u00e9gl\u00e1t\u00f3hely<br \/>\nnyitvatart\u00e1si idej\u00e9ben vehet\u0151 ig\u00e9nybe.<br \/>\n3.2. A z\u00e1r\u00e1st k\u00f6vet\u0151en a parkol\u00f3 ter\u00fclet\u00e9n maradt j\u00e1rm\u0171veket csak a k\u00f6vetkez\u0151<br \/>\nnyitvatart\u00e1si nap kezdet\u00e9n lehet elvinni, a megfelel\u0151 d\u00edjak kiegyenl\u00edt\u00e9se mellett.<br \/>\n3.3. Z\u00e1rtk\u00f6r\u0171 rendezv\u00e9ny eset\u00e9n a parkol\u00f3 haszn\u00e1lata nem megengedett, err\u0151l t\u00e1bla<br \/>\nad t\u00e1j\u00e9koztat\u00e1st.<br \/>\n3.4. A parkol\u00f3 kiz\u00e1r\u00f3lag rendeltet\u00e9sszer\u0171en haszn\u00e1lhat\u00f3. Tilos:<br \/>\n\u25cf j\u00e1rm\u0171mos\u00e1s, szerel\u00e9s,<br \/>\n\u25cf motor folyamatos j\u00e1rat\u00e1sa,<br \/>\n\u25cf nem vend\u00e9g \u00e1ltal t\u00f6rt\u00e9n\u0151 parkol\u00e1s,<br \/>\n\u25cf szemetesed\u00e9s vagy a k\u00f6z\u00f6ss\u00e9g zavar\u00e1sa.<br \/>\n4. K\u00f6zleked\u00e9si szab\u00e1lyok a parkol\u00f3 ter\u00fclet\u00e9n 4.1. A parkol\u00f3ban a hat\u00e1lyos<br \/>\nKRESZ-szab\u00e1lyok \u00e9rv\u00e9nyesek.<br \/>\n4.2. A megengedett legnagyobb sebess\u00e9g: 5 km\/h.<br \/>\n4.3. Kiz\u00e1r\u00f3lag a kijel\u00f6lt parkol\u00f3helyeken lehet meg\u00e1llni.<br \/>\n4.4. A ter\u00fcleten gyerekek, kuty\u00e1k \u00e9s gyalogos vend\u00e9gek is tart\u00f3zkodnak, fokozott<br \/>\nfigyelem sz\u00fcks\u00e9ges.<br \/>\n5. Felel\u0151ss\u00e9g \u00e9s k\u00e1rvisel\u00e9s 5.1. A parkol\u00f3 nem \u0151rz\u00f6tt ter\u00fclet. Az \u00fczemeltet\u0151 nem<br \/>\nv\u00e1llal felel\u0151ss\u00e9get:<br \/>\n\u25cf j\u00e1rm\u0171ben hagyott t\u00e1rgyak\u00e9rt,<br \/>\n\u25cf id\u0151j\u00e1r\u00e1si k\u00e1rok\u00e9rt (pl. vihar, j\u00e9ges\u0151),<br \/>\n\u25cf harmadik f\u00e9l \u00e1ltal okozott rong\u00e1l\u00e1s\u00e9rt vagy lop\u00e1s\u00e9rt.<br \/>\n5.2. A parkol\u00f3 ter\u00fclet\u00e9n t\u00e9rfigyel\u0151 kamerarendszer \u00fczemelhet.<br \/>\n6. Jogellenes magatart\u00e1s \u00e9s jogk\u00f6vetkezm\u00e9sek 6.1. A parkol\u00e1si szab\u00e1lyok<br \/>\nmegszeg\u00e9se, fizet\u00e9s megker\u00fcl\u00e9se, k\u00e1rtyah\u00faz\u00e1s elmulaszt\u00e1sa rend\u0151rs\u00e9gi feljelent\u00e9st,<br \/>\nilletve k\u00e1rt\u00e9r\u00edt\u00e9si ig\u00e9nyt vonhat maga ut\u00e1n.<br \/>\n6.2. Szab\u00e1lytalan parkol\u00e1s eset\u00e9n az \u00fczemeltet\u0151 a j\u00e1rm\u0171 elsz\u00e1ll\u00edt\u00e1s\u00e1t<br \/>\nkezdem\u00e9nyezheti, a k\u00f6lts\u00e9geket a j\u00e1rm\u0171 tulajdonosa viseli.<br \/>\n7. Z\u00e1r\u00f3 rendelkez\u00e9sek 7.1. A jelen szab\u00e1lyzat visszavon\u00e1sig \u00e9rv\u00e9nyes. Az<br \/>\n\u00fczemeltet\u0151 fenntartja a jogot a szab\u00e1lyzat m\u00f3dos\u00edt\u00e1s\u00e1ra.<\/p>","protected":false},"excerpt":{"rendered":"<p>A parkol\u00f3 \u00fczemeltet\u0151je az al\u00e1bbi c\u00e9g: \u25cf C\u00e9gn\u00e9v: Veganetfood Korl\u00e1tolt Felel\u0151ss\u00e9g\u0171 T\u00e1rsas\u00e1g \u25cf R\u00f6vid\u00edtett n\u00e9v: Veganetfood Kft. \u25cf Sz\u00e9khely: 2013 Pom\u00e1z, Panor\u00e1ma \u00fat 9., Magyarorsz\u00e1g \u25cf C\u00e9gjegyz\u00e9ksz\u00e1m: 13 09 172628 \u25cf Ad\u00f3sz\u00e1m: 22997092-2-13 1. Bevezet\u0151 rendelkez\u00e9sek 1.1. Jelen dokumentum a Veganetfood Kft. (sz\u00e9khely: 1031 Budapest, R\u00f3mai part; ad\u00f3sz\u00e1m: &#8230;) \u00e1ltal \u00fczemeltetett Miamor R\u00f3maim vend\u00e9gl\u00e1t\u00f3egys\u00e9ghez tartoz\u00f3 [&hellip;]<\/p>","protected":false},"author":1,"featured_media":0,"parent":0,"menu_order":0,"comment_status":"closed","ping_status":"closed","template":"","meta":{"_et_pb_use_builder":"","_et_pb_old_content":"","_et_gb_content_width":""},"_links":{"self":[{"href":"https:\/\/miamor.hu\/en\/wp-json\/wp\/v2\/pages\/2887"}],"collection":[{"href":"https:\/\/miamor.hu\/en\/wp-json\/wp\/v2\/pages"}],"about":[{"href":"https:\/\/miamor.hu\/en\/wp-json\/wp\/v2\/types\/page"}],"author":[{"embeddable":true,"href":"https:\/\/miamor.hu\/en\/wp-json\/wp\/v2\/users\/1"}],"replies":[{"embeddable":true,"href":"https:\/\/miamor.hu\/en\/wp-json\/wp\/v2\/comments?post=2887"}],"version-history":[{"count":3,"href":"https:\/\/miamor.hu\/en\/wp-json\/wp\/v2\/pages\/2887\/revisions"}],"predecessor-version":[{"id":2890,"href":"https:\/\/miamor.hu\/en\/wp-json\/wp\/v2\/pages\/2887\/revisions\/2890"}],"wp:attachment":[{"href":"https:\/\/miamor.hu\/en\/wp-json\/wp\/v2\/media?parent=2887"}],"curies":[{"name":"wp","href":"https:\/\/api.w.org\/{rel}","templated":true}]}}