{"id":2705,"date":"2025-01-29T14:10:05","date_gmt":"2025-01-29T14:10:05","guid":{"rendered":"https:\/\/miamor.hu\/?page_id=2705"},"modified":"2026-04-23T13:05:18","modified_gmt":"2026-04-23T13:05:18","slug":"taborok","status":"publish","type":"page","link":"https:\/\/miamor.hu\/en\/15-2\/taborok\/","title":{"rendered":"Ny\u00e1ri napk\u00f6zis t\u00e1borok"},"content":{"rendered":"<p>[et_pb_section fb_built=&#8221;1&#8243; custom_padding_last_edited=&#8221;on|tablet&#8221; admin_label=&#8221;Hero Section&#8221; _builder_version=&#8221;4.16&#8243; use_background_color_gradient=&#8221;on&#8221; background_color_gradient_stops=&#8221;rgba(255,255,255,0) 0%|#ffffff 100%&#8221; background_color_gradient_overlays_image=&#8221;on&#8221; background_color_gradient_start=&#8221;rgba(255,255,255,0)&#8221; background_color_gradient_end=&#8221;#ffffff&#8221; background_image=&#8221;https:\/\/miamor.hu\/wp-content\/uploads\/2022\/04\/image5.jpeg&#8221; custom_padding=&#8221;100px|0px|55px|0px||&#8221; custom_padding_tablet=&#8221;|||&#8221; custom_padding_phone=&#8221;|||&#8221; background_last_edited=&#8221;off|desktop&#8221; global_colors_info=&#8221;{}&#8221; background__hover_enabled=&#8221;off|desktop&#8221;][et_pb_row _builder_version=&#8221;4.16&#8243; custom_padding=&#8221;|||&#8221; animation_style=&#8221;slide&#8221; animation_direction=&#8221;bottom&#8221; animation_intensity_slide=&#8221;10%&#8221; global_colors_info=&#8221;{}&#8221;][et_pb_column type=&#8221;4_4&#8243; _builder_version=&#8221;4.16&#8243; custom_padding=&#8221;|||&#8221; global_colors_info=&#8221;{}&#8221; custom_padding__hover=&#8221;|||&#8221;][et_pb_text admin_label=&#8221;Title and subhead&#8221; _builder_version=&#8221;4.20.4&#8243; text_font=&#8221;Ubuntu||||||||&#8221; text_font_size=&#8221;16px&#8221; text_line_height=&#8221;1.8em&#8221; header_font=&#8221;Montserrat|700|||||||&#8221; header_font_size=&#8221;50px&#8221; header_line_height=&#8221;1.4em&#8221; header_2_font=&#8221;||||||||&#8221; text_orientation=&#8221;center&#8221; max_width=&#8221;600px&#8221; module_alignment=&#8221;center&#8221; header_font_size_tablet=&#8221;&#8221; header_font_size_phone=&#8221;40px&#8221; header_font_size_last_edited=&#8221;on|desktop&#8221; locked=&#8221;off&#8221; global_colors_info=&#8221;{}&#8221;]<\/p>\n<h2><span style=\"color: #333333;\"><strong>WHICH WILL WE MEET?<\/strong><\/span><\/h2>\n<p>&nbsp;<\/p>\n<p>[\/et_pb_text][\/et_pb_column][\/et_pb_row][\/et_pb_section][et_pb_section fb_built=&#8221;1&#8243; fullwidth=&#8221;on&#8221; _builder_version=&#8221;4.20.4&#8243; _module_preset=&#8221;default&#8221; global_colors_info=&#8221;{}&#8221;][et_pb_fullwidth_header title=&#8221;\ud83c\udf89 Sport \u2013\u00e9s \u00e9lm\u00e9nyt\u00e1borok a R\u00f3mai-parton \ud83c\udf89 &#8211;  A legjobb ny\u00e1ri kaland a gyerekeknek! \u2600\ufe0f&#8221; _builder_version=&#8221;4.20.4&#8243; _module_preset=&#8221;default&#8221; background_color=&#8221;#f2938c&#8221; hover_enabled=&#8221;0&#8243; global_colors_info=&#8221;{}&#8221; sticky_enabled=&#8221;0&#8243;]<\/p>\n<p>&nbsp;<\/p>\n<p>Miamor ny\u00e1ri gyerekt\u00e1borok a R\u00f3mai-parton<br \/>A Miamor napk\u00f6zis ny\u00e1ri t\u00e1borai akt\u00edv, \u00e9lm\u00e9nyekkel teli hetet k\u00edn\u00e1lnak a gyerekeknek Budapest egyik legk\u00fcl\u00f6nlegesebb helysz\u00edn\u00e9n, a R\u00f3mai-parton. A t\u00e1borok c\u00e9lja, hogy a gyerekek a ny\u00e1ri sz\u00fcnetet mozg\u00e1ssal, j\u00e1t\u00e9kkal \u00e9s k\u00f6z\u00f6ss\u00e9gi \u00e9lm\u00e9nyekkel t\u00f6lts\u00e9k biztons\u00e1gos, csal\u00e1dias k\u00f6rnyezetben.<br \/>A programokat k\u00e9pzett edz\u0151k \u00e9s pedag\u00f3gusok vezetik. Minden t\u00e1bori csoportban legfeljebb h\u00fasz gyerek vesz r\u00e9szt, \u00e9s legal\u00e1bb egy feln\u0151tt foglalkozik vel\u00fck.<br \/>A napi programok sor\u00e1n a gyerekek sportolnak, j\u00e1tszanak, \u00faj bar\u00e1tokat szereznek, \u00e9s rengeteg szabadt\u00e9ri \u00e9lm\u00e9nyben lesz r\u00e9sz\u00fck.<\/p>\n<p>A t\u00e1borok programj\u00e1nak r\u00e9sze t\u00f6bbek k\u00f6z\u00f6tt:<\/p>\n<p>medenc\u00e9z\u00e9s<br \/>minigolf<br \/>\u00f3ri\u00e1s Ninja akad\u00e1lyp\u00e1lya<br \/>sapatj\u00e1t\u00e9kok \u00e9s sportos kih\u00edv\u00e1sok<\/p>\n<h1 class=\"et_pb_module_header et-fb-editable-element et-fb-editable-element__editing\" contenteditable=\"true\" data-shortcode-id=\"1.0-1775639884285\" data-quickaccess-id=\"title\">\u00a0<\/h1>\n<p>A gyerekek sz\u00e1m\u00e1ra napi h\u00e1romszori \u00e9tkez\u00e9st biztos\u00edtunk.<\/p>\n<p>&nbsp;<\/p>\n<p>V\u00e1laszthat\u00f3 t\u00e1borok<br \/>Focit\u00e1bor (7\u201310 \u00e9veseknek)<br \/>A focit\u00e1bor ide\u00e1lis v\u00e1laszt\u00e1s azoknak a gyerekeknek, akik szeretnek mozogni \u00e9s focizni. A r\u00e9sztvev\u0151k napi k\u00e9t edz\u00e9sen<br \/>vesznek r\u00e9szt szakk\u00e9pzett edz\u0151k vezet\u00e9s\u00e9vel, ahol j\u00e1t\u00e9kos form\u00e1ban fejlesztik technikai tud\u00e1sukat, gyorsas\u00e1gukat \u00e9s csapatj\u00e1t\u00e9kukat.<br \/>Az edz\u00e9sek mellett a gyerekeket v\u00e1ltozatos szabadt\u00e9ri programok v\u00e1rj\u00e1k, p\u00e9ld\u00e1ul medenc\u00e9z\u00e9s, minigolf \u00e9s sportos kih\u00edv\u00e1sok.<\/p>\n<p>Strandr\u00f6plabda t\u00e1bor (10 \u00e9ves kort\u00f3l)<br \/>A strandr\u00f6plabda t\u00e1bor sportos hetet k\u00edn\u00e1l azoknak a gyerekeknek, akik m\u00e1r rendelkeznek r\u00f6plabd\u00e1s alapismeretekkel.<br \/>A program sor\u00e1n a r\u00e9sztvev\u0151k technikai edz\u00e9seken vesznek r\u00e9szt, ahol fejlesztik \u00fct\u00e9seiket, mozg\u00e1sukat \u00e9s j\u00e1t\u00e9khelyzeti d\u00f6nt\u00e9seiket. A gyakorl\u00e1sok mellett m\u00e9rk\u0151z\u00e9seken is kipr\u00f3b\u00e1lhatj\u00e1k tud\u00e1sukat a homokos p\u00e1ly\u00e1n.<br \/>A t\u00e1borba val\u00f3 jelentkez\u00e9shez el\u0151k\u00e9pzetts\u00e9g sz\u00fcks\u00e9ges.<\/p>\n<p>\u00c9lm\u00e9nyt\u00e1borok (7\u201312 \u00e9veseknek)<br \/>Az \u00e9lm\u00e9nyt\u00e1borok minden h\u00e9ten m\u00e1s tematik\u00e1ra \u00e9p\u00fclnek, \u00edgy a gyerekek minden turnusban \u00faj kalandokat \u00e9lhetnek \u00e1t. A programok sor\u00e1n j\u00e1t\u00e9kos feladatok, kreat\u00edv foglalkoz\u00e1sok \u00e9s csapatk\u00fcldet\u00e9sek v\u00e1rj\u00e1k \u0151ket.<\/p>\n<p>Harry Potter var\u00e1zsl\u00f3t\u00e1bor<br \/>Ebben a t\u00e1borban a gyerekek egy h\u00e9tre igazi var\u00e1zsl\u00f3tanoncokk\u00e1 v\u00e1lhatnak. Saj\u00e1t var\u00e1zsp\u00e1lc\u00e1t k\u00e9sz\u00edtenek, var\u00e1zslatos k\u00fcldet\u00e9sekben vesznek r\u00e9szt, \u00e9s csapatokban oldanak meg izgalmas kih\u00edv\u00e1sokat.<br \/>Id\u0151pont:<br \/>J\u00falius 20\u201324 (2. turnus)<\/p>\n<p>Id\u0151utaz\u00f3 kalandt\u00e1bor<br \/>Az id\u0151utaz\u00f3 t\u00e1borban a gyerekek k\u00fcl\u00f6nb\u00f6z\u0151 korszakokat fedeznek fel j\u00e1t\u00e9kos form\u00e1ban. Tal\u00e1lkoznak a dinoszauruszok vil\u00e1g\u00e1val, megismerik az \u0151semberek \u00e9let\u00e9t, \u00e9s lovagi kih\u00edv\u00e1sokban is r\u00e9szt vesznek.<br \/>A program sor\u00e1n r\u00e9g\u00e9szeti j\u00e1t\u00e9kok, nyomkeres\u0151 kalandok \u00e9s csapatk\u00fcldet\u00e9sek v\u00e1rj\u00e1k \u0151ket.<br \/>Id\u0151pontok:<br \/>J\u00fanius 29 \u2013 j\u00falius 3 (3. turnus)<br \/>Augusztus 3\u20137 (4. turnus)<\/p>\n<p>Tudom\u00e1nyos k\u00eds\u00e9rletez\u0151 t\u00e1bor<br \/>Ebben a t\u00e1borban a gyerekek l\u00e1tv\u00e1nyos k\u00eds\u00e9rleteken kereszt\u00fcl fedezik fel a tudom\u00e1ny vil\u00e1g\u00e1t. Fizikai \u00e9s k\u00e9miai reakci\u00f3kat figyelnek meg, saj\u00e1t k\u00eds\u00e9rleteket pr\u00f3b\u00e1lnak ki, \u00e9s j\u00e1t\u00e9kos feladatokon kereszt\u00fcl tanulnak a k\u00f6r\u00fcl\u00f6tt\u00fck l\u00e9v\u0151 vil\u00e1gr\u00f3l.<\/p>\n<p>Id\u0151pontok:<br \/>J\u00falius 13\u201317 (5. turnus)<br \/>Augusztus 10\u201314 (6. turnus)<\/p>\n<p>Turnusok<br \/>1. J\u00fanius 22-26. &#8211; Nem el\u00e9rhet\u0151<br \/>2. J\u00fanius 29 \u2013 j\u00falius 3<br \/>3. J\u00falius 13\u201317<br \/>4. J\u00falius 20\u201324<br \/>5. Augusztus 3\u20137<br \/>6. Augusztus 10\u201314<\/p>\n<p>A focit\u00e1bor, a strandr\u00f6plabda t\u00e1bor minden turnusban el\u00e9rhet\u0151, az \u00e9lm\u00e9nyt\u00e1borok tematik\u00e1ja v\u00e1ltoz\u00f3:<br \/>Harry Potter t\u00e1bor: 2. turnus: J\u00fanius 29 \u2013 j\u00falius 3,<br \/>Id\u0151utaz\u00f3 kalandt\u00e1bor: 3., 4. turnus: J\u00falius 13\u201317, J\u00falius 20\u201324<br \/>Tudom\u00e1nyos k\u00eds\u00e9rletez\u0151 t\u00e1bor: 5., 6. turnus: Augusztus 3\u20137, Augusztus 10\u201314<\/p>\n<p>Fontos inform\u00e1ci\u00f3k<br \/>Helysz\u00edn: Miamor, R\u00f3mai-part 47.<br \/>Koroszt\u00e1ly:<br \/>Focit\u00e1bor: 7\u201310 \u00e9v<br \/>Strandr\u00f6plabda t\u00e1bor: 10+ \u00e9v<br \/>\u00c9lm\u00e9nyt\u00e1bor: 7\u201312 \u00e9v<br \/>\u00c9rkez\u00e9s: 7:00\u20139:00<br \/>T\u00e1voz\u00e1s: 16:00\u201317:00<br \/>Napi h\u00e1romszori \u00e9tkez\u00e9s biztos\u00edtott.<br \/>R\u00e9szv\u00e9teli d\u00edj: 64.990 Ft \/ h\u00e9t<\/p>\n<p>Jelentkez\u00e9s az al\u00e1\u00e1b\u00ed \u0171rlap kit\u00f6lt\u00e9s\u00e9vel lehets\u00e9ges: https:\/\/docs.google.com\/forms\/d\/1sKz06-Yy6VXKEas5XjiGyW1ZPfO_kqRwDCBEjrykmvE<\/p>\n<p>Tov\u00e1bbi inform\u00e1ci\u00f3:<\/p>\n<p>Telefon: +36 30 013 7607<br \/>E-mail:\u00a0info.miamorromaim@gmail.com<br \/>A helyek sz\u00e1ma korl\u00e1tozott.<\/p>\n<p>[\/et_pb_fullwidth_header][\/et_pb_section][et_pb_section fb_built=&#8221;1&#8243; _builder_version=&#8221;4.20.4&#8243; _module_preset=&#8221;default&#8221; background_color=&#8221;rgba(255,0,0,0)&#8221; background_enable_image=&#8221;off&#8221; background_blend=&#8221;lighten&#8221; width=&#8221;100%&#8221; min_height=&#8221;455.1px&#8221; global_colors_info=&#8221;{}&#8221;][et_pb_row column_structure=&#8221;1_2,1_2&#8243; _builder_version=&#8221;4.20.4&#8243; _module_preset=&#8221;default&#8221; custom_margin=&#8221;|auto|-35px|auto||&#8221; custom_padding=&#8221;||49px|||&#8221; global_colors_info=&#8221;{}&#8221;][et_pb_column type=&#8221;1_2&#8243; _builder_version=&#8221;4.20.4&#8243; _module_preset=&#8221;default&#8221; global_colors_info=&#8221;{}&#8221;][et_pb_text _builder_version=&#8221;4.20.4&#8243; _module_preset=&#8221;default&#8221; min_height=&#8221;34px&#8221; custom_margin=&#8221;20px||||false|false&#8221; custom_margin_tablet=&#8221;20px||||false|false&#8221; custom_margin_phone=&#8221;0px||||false|false&#8221; custom_margin_last_edited=&#8221;on|phone&#8221; custom_padding=&#8221;0px|||||&#8221; link_option_url=&#8221;https:\/\/docs.google.com\/forms\/d\/e\/1FAIpQLSfhW_QEKNgcIWVeWI34abkMKEXhEgGUDonLYEicVKwO0FOWIA\/viewform?usp=dialog&#8221; global_colors_info=&#8221;{}&#8221;]<\/p>\n<h2 style=\"text-align: center;\"><span style=\"color: #ff6600;\"><strong>Early bird \u00e1r: 54 990 Ft\u00a0<\/strong><\/span><\/h2>\n<h2 style=\"text-align: center;\"><span style=\"color: #ff6600;\"><strong>m\u00e1jus 15-ig<\/strong><\/span><\/h2>\n<p>[\/et_pb_text][et_pb_image src=&#8221;https:\/\/miamor.hu\/wp-content\/uploads\/2026\/04\/taborok-2026-1.jpg&#8221; title_text=&#8221;t\u00e1borok 2026 (1)&#8221; url=&#8221;https:\/\/docs.google.com\/forms\/d\/e\/1FAIpQLSfKNjAmtBha0b97QJ1O2r__t1snM8MW47MQVWB7N_mYqMxqiA\/viewform?usp=publish-editor&#8221; _builder_version=&#8221;4.20.4&#8243; _module_preset=&#8221;default&#8221; min_height=&#8221;78.6px&#8221; custom_margin=&#8221;||14px|||&#8221; global_colors_info=&#8221;{}&#8221;][\/et_pb_image][et_pb_text _builder_version=&#8221;4.20.4&#8243; _module_preset=&#8221;default&#8221; min_height=&#8221;34px&#8221; custom_padding=&#8221;0px|||||&#8221; link_option_url=&#8221;https:\/\/docs.google.com\/forms\/d\/e\/1FAIpQLSfKNjAmtBha0b97QJ1O2r__t1snM8MW47MQVWB7N_mYqMxqiA\/viewform?usp=publish-editor&#8221; global_colors_info=&#8221;{}&#8221;]<\/p>\n<h1 style=\"text-align: center;\"><strong>Jelentkez\u00e9s<\/strong><\/h1>\n<p>[\/et_pb_text][\/et_pb_column][et_pb_column type=&#8221;1_2&#8243; _builder_version=&#8221;4.20.4&#8243; _module_preset=&#8221;default&#8221; global_colors_info=&#8221;{}&#8221;][et_pb_post_slider posts_number=&#8221;2&#8243; include_categories=&#8221;all&#8221; show_pagination=&#8221;off&#8221; show_more_button=&#8221;off&#8221; show_meta=&#8221;off&#8221; image_placement=&#8221;left&#8221; show_image_video_mobile=&#8221;on&#8221; disabled_on=&#8221;on|on|on&#8221; admin_label=&#8221;Bejegyz\u00e9s g\u00f6rget\u0151&#8221; _builder_version=&#8221;4.20.4&#8243; _dynamic_attributes=&#8221;link_option_url&#8221; _module_preset=&#8221;default&#8221; auto=&#8221;on&#8221; auto_speed=&#8221;3000&#8243; link_option_url=&#8221;@ET-DC@eyJkeW5hbWljIjp0cnVlLCJjb250ZW50IjoicG9zdF9saW5rX3VybF9wb3N0Iiwic2V0dGluZ3MiOnsicG9zdF9pZCI6IjE0NzQifX0=@&#8221; box_shadow_style_image=&#8221;preset2&#8243; disabled=&#8221;on&#8221; global_colors_info=&#8221;{}&#8221;][\/et_pb_post_slider][\/et_pb_column][\/et_pb_row][et_pb_row _builder_version=&#8221;4.20.4&#8243; _module_preset=&#8221;default&#8221; custom_padding=&#8221;0px|||||&#8221; link_option_url=&#8221;https:\/\/docs.google.com\/forms\/d\/e\/1FAIpQLSfhW_QEKNgcIWVeWI34abkMKEXhEgGUDonLYEicVKwO0FOWIA\/viewform?usp=dialog&#8221; global_colors_info=&#8221;{}&#8221;][et_pb_column type=&#8221;4_4&#8243; _builder_version=&#8221;4.20.4&#8243; _module_preset=&#8221;default&#8221; global_colors_info=&#8221;{}&#8221;][\/et_pb_column][\/et_pb_row][et_pb_row _builder_version=&#8221;4.16&#8243; module_alignment=&#8221;left&#8221; custom_padding=&#8221;0|0px|0|0px|true|false&#8221; global_colors_info=&#8221;{}&#8221;][et_pb_column type=&#8221;4_4&#8243; _builder_version=&#8221;4.16&#8243; custom_padding=&#8221;|||&#8221; global_colors_info=&#8221;{}&#8221; custom_padding__hover=&#8221;|||&#8221;][et_pb_divider color=&#8221;rgba(255,255,255,0.31)&#8221; divider_style=&#8221;dashed&#8221; _builder_version=&#8221;4.20.4&#8243; global_colors_info=&#8221;{}&#8221;][\/et_pb_divider][\/et_pb_column][\/et_pb_row][\/et_pb_section][et_pb_section fb_built=&#8221;1&#8243; custom_padding_last_edited=&#8221;off|desktop&#8221; admin_label=&#8221;Header&#8221; _builder_version=&#8221;4.20.4&#8243; background_color=&#8221;#2a2e40&#8243; use_background_color_gradient=&#8221;on&#8221; background_color_gradient_type=&#8221;circular&#8221; background_color_gradient_stops=&#8221;rgba(42,46,64,0) 0%|#2a2e40 100%&#8221; background_color_gradient_overlays_image=&#8221;on&#8221; background_color_gradient_start=&#8221;rgba(42,46,64,0)&#8221; background_color_gradient_end=&#8221;#2a2e40&#8243; background_color_gradient_end_position=&#8221;70%&#8221; background_image=&#8221;https:\/\/miamor.hu\/wp-content\/uploads\/2023\/03\/miamor_141-1-scaled.jpg&#8221; width=&#8221;100%&#8221; custom_padding=&#8221;||0px&#8221; custom_padding_tablet=&#8221;0vw||&#8221; custom_padding_phone=&#8221;0vw||&#8221; global_colors_info=&#8221;{}&#8221;][et_pb_row custom_padding_last_edited=&#8221;on|tablet&#8221; _builder_version=&#8221;4.20.4&#8243; max_width=&#8221;80%&#8221; custom_margin=&#8221;||&#8221; custom_padding=&#8221;||0||false|false&#8221; custom_padding_tablet=&#8221;||40px|0%&#8221; custom_padding_phone=&#8221;&#8221; use_custom_width=&#8221;on&#8221; width_unit=&#8221;off&#8221; global_colors_info=&#8221;{}&#8221;][et_pb_column type=&#8221;4_4&#8243; _builder_version=&#8221;4.16&#8243; custom_padding=&#8221;|||&#8221; global_colors_info=&#8221;{}&#8221; custom_padding__hover=&#8221;|||&#8221;][et_pb_text _builder_version=&#8221;4.20.4&#8243; text_font=&#8221;||||||||&#8221; header_font=&#8221;Oswald|300||on|||||&#8221; header_text_color=&#8221;RGBA(255,255,255,0)&#8221; header_font_size=&#8221;7vw&#8221; header_letter_spacing=&#8221;0.35em&#8221; header_line_height=&#8221;1.2em&#8221; header_2_font=&#8221;||||||||&#8221; header_3_font=&#8221;Oswald|||on|||||&#8221; header_3_font_size=&#8221;12px&#8221; header_3_letter_spacing=&#8221;1.5em&#8221; header_3_line_height=&#8221;2.4em&#8221; background_layout=&#8221;dark&#8221; max_width=&#8221;80%&#8221; animation_style=&#8221;slide&#8221; animation_direction=&#8221;right&#8221; animation_duration=&#8221;2000ms&#8221; animation_intensity_slide=&#8221;2%&#8221; header_font_size_tablet=&#8221;40px&#8221; header_font_size_phone=&#8221;30px&#8221; header_font_size_last_edited=&#8221;on|phone&#8221; header_letter_spacing_tablet=&#8221;10px&#8221; header_letter_spacing_phone=&#8221;7px&#8221; header_letter_spacing_last_edited=&#8221;off|desktop&#8221; header_line_height_tablet=&#8221;1.5em&#8221; header_line_height_phone=&#8221;1.5em&#8221; header_line_height_last_edited=&#8221;on|phone&#8221; header_3_font_size_tablet=&#8221;10px&#8221; header_3_font_size_phone=&#8221;10px&#8221; header_3_font_size_last_edited=&#8221;on|desktop&#8221; header_3_letter_spacing_tablet=&#8221;&#8221; header_3_letter_spacing_phone=&#8221;3px&#8221; header_3_letter_spacing_last_edited=&#8221;on|phone&#8221; global_colors_info=&#8221;{}&#8221;]<\/p>\n<h3>\u00a0<\/h3>\n<h1>Kapcsol<\/h1>\n<p>[\/et_pb_text][et_pb_button _builder_version=&#8221;4.20.4&#8243; custom_button=&#8221;on&#8221; button_text_size=&#8221;16px&#8221; button_text_color=&#8221;#ffffff&#8221; button_bg_color=&#8221;rgba(0,0,0,0)&#8221; button_border_width=&#8221;0px&#8221; button_border_radius=&#8221;0px&#8221; button_letter_spacing=&#8221;5px&#8221; button_font=&#8221;Oswald|500||on|||||&#8221; button_use_icon=&#8221;off&#8221; custom_margin=&#8221;||&#8221; custom_padding=&#8221;15px||15px||true&#8221; box_shadow_style=&#8221;preset4&#8243; box_shadow_horizontal=&#8221;0px&#8221; box_shadow_vertical=&#8221;2px&#8221; box_shadow_color=&#8221;#E02B20&#8243; global_colors_info=&#8221;{}&#8221; button_bg_color__hover=&#8221;#ffffff&#8221; button_border_width__hover=&#8221;2px&#8221; button_text_color__hover=&#8221;#000000&#8243; button_border_color__hover=&#8221;#ffffff&#8221; box_shadow_vertical__hover_enabled=&#8221;on&#8221; box_shadow_vertical__hover=&#8221;8px&#8221;][\/et_pb_button][\/et_pb_column][\/et_pb_row][\/et_pb_section]<\/p>","protected":false},"excerpt":{"rendered":"<p>MELYIKEN TAL\u00c1LKOZUNK? &nbsp;&nbsp; Miamor ny\u00e1ri gyerekt\u00e1borok a R\u00f3mai-partonA Miamor napk\u00f6zis ny\u00e1ri t\u00e1borai akt\u00edv, \u00e9lm\u00e9nyekkel teli hetet k\u00edn\u00e1lnak a gyerekeknek Budapest egyik legk\u00fcl\u00f6nlegesebb helysz\u00edn\u00e9n, a R\u00f3mai-parton. A t\u00e1borok c\u00e9lja, hogy a gyerekek a ny\u00e1ri sz\u00fcnetet mozg\u00e1ssal, j\u00e1t\u00e9kkal \u00e9s k\u00f6z\u00f6ss\u00e9gi \u00e9lm\u00e9nyekkel t\u00f6lts\u00e9k biztons\u00e1gos, csal\u00e1dias k\u00f6rnyezetben.A programokat k\u00e9pzett edz\u0151k \u00e9s pedag\u00f3gusok vezetik. Minden t\u00e1bori csoportban legfeljebb h\u00fasz gyerek [&hellip;]<\/p>","protected":false},"author":1,"featured_media":0,"parent":15,"menu_order":7,"comment_status":"closed","ping_status":"closed","template":"","meta":{"_et_pb_use_builder":"on","_et_pb_old_content":"","_et_gb_content_width":""},"_links":{"self":[{"href":"https:\/\/miamor.hu\/en\/wp-json\/wp\/v2\/pages\/2705"}],"collection":[{"href":"https:\/\/miamor.hu\/en\/wp-json\/wp\/v2\/pages"}],"about":[{"href":"https:\/\/miamor.hu\/en\/wp-json\/wp\/v2\/types\/page"}],"author":[{"embeddable":true,"href":"https:\/\/miamor.hu\/en\/wp-json\/wp\/v2\/users\/1"}],"replies":[{"embeddable":true,"href":"https:\/\/miamor.hu\/en\/wp-json\/wp\/v2\/comments?post=2705"}],"version-history":[{"count":31,"href":"https:\/\/miamor.hu\/en\/wp-json\/wp\/v2\/pages\/2705\/revisions"}],"predecessor-version":[{"id":3204,"href":"https:\/\/miamor.hu\/en\/wp-json\/wp\/v2\/pages\/2705\/revisions\/3204"}],"up":[{"embeddable":true,"href":"https:\/\/miamor.hu\/en\/wp-json\/wp\/v2\/pages\/15"}],"wp:attachment":[{"href":"https:\/\/miamor.hu\/en\/wp-json\/wp\/v2\/media?parent=2705"}],"curies":[{"name":"wp","href":"https:\/\/api.w.org\/{rel}","templated":true}]}}