{"id":2120,"date":"2024-05-02T17:31:55","date_gmt":"2024-05-02T17:31:55","guid":{"rendered":"https:\/\/miamor.hu\/?page_id=2120"},"modified":"2024-06-25T20:54:24","modified_gmt":"2024-06-25T20:54:24","slug":"sport","status":"publish","type":"page","link":"https:\/\/miamor.hu\/en\/sport\/","title":{"rendered":"Sport"},"content":{"rendered":"<p>[et_pb_section fb_built=&#8221;1&#8243; custom_padding_last_edited=&#8221;on|tablet&#8221; admin_label=&#8221;Hero Section&#8221; _builder_version=&#8221;4.16&#8243; use_background_color_gradient=&#8221;on&#8221; background_color_gradient_stops=&#8221;rgba(255,255,255,0) 0%|#ffffff 100%&#8221; background_color_gradient_overlays_image=&#8221;on&#8221; background_color_gradient_start=&#8221;rgba(255,255,255,0)&#8221; background_color_gradient_end=&#8221;#ffffff&#8221; background_image=&#8221;https:\/\/miamor.hu\/wp-content\/uploads\/2022\/04\/image5.jpeg&#8221; custom_padding=&#8221;100px|0px|100px|0px&#8221; custom_padding_tablet=&#8221;|||&#8221; custom_padding_phone=&#8221;|||&#8221; background_last_edited=&#8221;off|desktop&#8221; global_colors_info=&#8221;{}&#8221; background__hover_enabled=&#8221;off|desktop&#8221;][et_pb_row _builder_version=&#8221;4.16&#8243; custom_padding=&#8221;|||&#8221; animation_style=&#8221;slide&#8221; animation_direction=&#8221;bottom&#8221; animation_intensity_slide=&#8221;10%&#8221; global_colors_info=&#8221;{}&#8221;][et_pb_column type=&#8221;4_4&#8243; _builder_version=&#8221;4.16&#8243; custom_padding=&#8221;|||&#8221; global_colors_info=&#8221;{}&#8221; custom_padding__hover=&#8221;|||&#8221;][et_pb_text admin_label=&#8221;Title and subhead&#8221; _builder_version=&#8221;4.20.4&#8243; text_font=&#8221;Ubuntu||||||||&#8221; text_font_size=&#8221;16px&#8221; text_line_height=&#8221;1.8em&#8221; header_font=&#8221;Montserrat|700|||||||&#8221; header_font_size=&#8221;50px&#8221; header_line_height=&#8221;1.4em&#8221; header_2_font=&#8221;||||||||&#8221; text_orientation=&#8221;center&#8221; max_width=&#8221;600px&#8221; module_alignment=&#8221;center&#8221; header_font_size_tablet=&#8221;&#8221; header_font_size_phone=&#8221;40px&#8221; header_font_size_last_edited=&#8221;on|desktop&#8221; locked=&#8221;off&#8221; global_colors_info=&#8221;{}&#8221;]<\/p>\n<h1><span style=\"color: #333333;\"><strong>WHAT YOU'LL FIND AT MIAMOR<\/strong><\/span><\/h1>\n<p>&nbsp;<\/p>\n<p>[\/et_pb_text][\/et_pb_column][\/et_pb_row][\/et_pb_section][et_pb_section fb_built=&#8221;1&#8243; admin_label=&#8221;Our Services&#8221; _builder_version=&#8221;4.16&#8243; background_color=&#8221;#ffffff&#8221; use_background_color_gradient=&#8221;on&#8221; background_color_gradient_direction=&#8221;0deg&#8221; background_color_gradient_stops=&#8221;rgba(255,255,255,0) 50%|#ffffff 100%&#8221; background_color_gradient_overlays_image=&#8221;on&#8221; background_color_gradient_start=&#8221;rgba(255,255,255,0)&#8221; background_color_gradient_start_position=&#8221;50%&#8221; background_color_gradient_end=&#8221;#ffffff&#8221; background_enable_image=&#8221;off&#8221; custom_padding=&#8221;100px|0px|100px|0px&#8221; saved_tabs=&#8221;all&#8221; global_colors_info=&#8221;{}&#8221; background__hover_enabled=&#8221;off|desktop&#8221;][et_pb_row column_structure=&#8221;1_3,1_3,1_3&#8243; admin_label=&#8221;Services&#8221; _builder_version=&#8221;4.16&#8243; global_colors_info=&#8221;{}&#8221;][et_pb_column type=&#8221;1_3&#8243; _builder_version=&#8221;4.16&#8243; custom_padding=&#8221;|||&#8221; global_colors_info=&#8221;{}&#8221; custom_padding__hover=&#8221;|||&#8221;][et_pb_blurb title=&#8221;Strandr\u00f6pi&#8221; url=&#8221;https:\/\/miamor.hu\/ropi-palyak\/&#8221; image=&#8221;https:\/\/miamor.hu\/wp-content\/uploads\/2022\/04\/3.png&#8221; admin_label=&#8221;r\u00f6pi&#8221; _builder_version=&#8221;4.20.4&#8243; header_font=&#8221;Montserrat|600|||||||&#8221; header_text_align=&#8221;center&#8221; header_font_size=&#8221;20px&#8221; header_line_height=&#8221;1.7em&#8221; body_font=&#8221;Ubuntu||||||||&#8221; body_text_align=&#8221;center&#8221; body_text_color=&#8221;rgba(255,255,255,0.7)&#8221; body_font_size=&#8221;16px&#8221; body_line_height=&#8221;1.8em&#8221; background_color=&#8221;#5271ff&#8221; background_layout=&#8221;dark&#8221; custom_padding=&#8221;60px|30px|60px|40px&#8221; animation_style=&#8221;slide&#8221; animation_direction=&#8221;bottom&#8221; animation_intensity_slide=&#8221;10%&#8221; animation=&#8221;off&#8221; border_radii=&#8221;on|5px|5px|5px|5px&#8221; global_colors_info=&#8221;{}&#8221;]<\/p>\n<p>Service here, exchange there!<\/p>\n<p>[\/et_pb_blurb][\/et_pb_column][et_pb_column type=&#8221;1_3&#8243; _builder_version=&#8221;4.16&#8243; custom_padding=&#8221;|||&#8221; global_colors_info=&#8221;{}&#8221; custom_padding__hover=&#8221;|||&#8221;][et_pb_blurb title=&#8221;Pingpong&#8221; url=&#8221;https:\/\/miamor.hu\/pingpong\/&#8221; image=&#8221;https:\/\/miamor.hu\/wp-content\/uploads\/2022\/04\/4.png&#8221; admin_label=&#8221;pingpong&#8221; _builder_version=&#8221;4.16&#8243; header_font=&#8221;Montserrat|600|||||||&#8221; header_text_align=&#8221;center&#8221; header_font_size=&#8221;20px&#8221; header_line_height=&#8221;1.7em&#8221; body_font=&#8221;Ubuntu||||||||&#8221; body_text_align=&#8221;center&#8221; body_text_color=&#8221;rgba(255,255,255,0.7)&#8221; body_font_size=&#8221;16px&#8221; body_line_height=&#8221;1.8em&#8221; background_color=&#8221;#c9e265&#8243; background_layout=&#8221;dark&#8221; custom_padding=&#8221;60px|30px|60px|40px&#8221; animation_style=&#8221;slide&#8221; animation_direction=&#8221;bottom&#8221; animation_delay=&#8221;100ms&#8221; animation_intensity_slide=&#8221;10%&#8221; animation=&#8221;off&#8221; border_radii=&#8221;on|5px|5px|5px|5px&#8221; locked=&#8221;off&#8221; global_colors_info=&#8221;{}&#8221;]<\/p>\n<p>Come for a spin!<\/p>\n<p>[\/et_pb_blurb][\/et_pb_column][et_pb_column type=&#8221;1_3&#8243; _builder_version=&#8221;4.16&#8243; custom_padding=&#8221;|||&#8221; global_colors_info=&#8221;{}&#8221; custom_padding__hover=&#8221;|||&#8221;][et_pb_blurb title=&#8221;Foci&#8221; url=&#8221;https:\/\/miamor.hu\/futball\/&#8221; image=&#8221;https:\/\/miamor.hu\/wp-content\/uploads\/2022\/04\/5.png&#8221; image_icon_width=&#8221;80%&#8221; admin_label=&#8221;foci&#8221; _builder_version=&#8221;4.20.4&#8243; header_font=&#8221;Montserrat|600|||||||&#8221; header_text_align=&#8221;center&#8221; header_font_size=&#8221;20px&#8221; header_line_height=&#8221;1.7em&#8221; body_font=&#8221;Ubuntu||||||||&#8221; body_text_align=&#8221;center&#8221; body_text_color=&#8221;rgba(255,255,255,0.7)&#8221; body_font_size=&#8221;16px&#8221; body_line_height=&#8221;1.8em&#8221; background_color=&#8221;#005833&#8243; background_layout=&#8221;dark&#8221; custom_padding=&#8221;60px|30px|60px|40px&#8221; animation_style=&#8221;slide&#8221; animation_direction=&#8221;bottom&#8221; animation_intensity_slide=&#8221;10%&#8221; animation=&#8221;off&#8221; hover_enabled=&#8221;0&#8243; border_radii=&#8221;on|5px|5px|5px|5px&#8221; global_colors_info=&#8221;{}&#8221; sticky_enabled=&#8221;0&#8243;]<\/p>\n<p>Goal... 2 - 1 here!<\/p>\n<p>[\/et_pb_blurb][\/et_pb_column][\/et_pb_row][\/et_pb_section]<\/p>","protected":false},"excerpt":{"rendered":"<p>AMIKET N\u00c1LUNK TAL\u00c1LSZ &nbsp;Szerva itt, csere ott!Gyere forg\u00f3zni!G\u00f3\u00f3l&#8230; 2 &#8211; 1 ide!<\/p>","protected":false},"author":1,"featured_media":0,"parent":0,"menu_order":0,"comment_status":"closed","ping_status":"closed","template":"","meta":{"_et_pb_use_builder":"on","_et_pb_old_content":"","_et_gb_content_width":""},"_links":{"self":[{"href":"https:\/\/miamor.hu\/en\/wp-json\/wp\/v2\/pages\/2120"}],"collection":[{"href":"https:\/\/miamor.hu\/en\/wp-json\/wp\/v2\/pages"}],"about":[{"href":"https:\/\/miamor.hu\/en\/wp-json\/wp\/v2\/types\/page"}],"author":[{"embeddable":true,"href":"https:\/\/miamor.hu\/en\/wp-json\/wp\/v2\/users\/1"}],"replies":[{"embeddable":true,"href":"https:\/\/miamor.hu\/en\/wp-json\/wp\/v2\/comments?post=2120"}],"version-history":[{"count":6,"href":"https:\/\/miamor.hu\/en\/wp-json\/wp\/v2\/pages\/2120\/revisions"}],"predecessor-version":[{"id":2448,"href":"https:\/\/miamor.hu\/en\/wp-json\/wp\/v2\/pages\/2120\/revisions\/2448"}],"wp:attachment":[{"href":"https:\/\/miamor.hu\/en\/wp-json\/wp\/v2\/media?parent=2120"}],"curies":[{"name":"wp","href":"https:\/\/api.w.org\/{rel}","templated":true}]}}