{"id":1247,"date":"2023-05-09T11:32:32","date_gmt":"2023-05-09T11:32:32","guid":{"rendered":"https:\/\/miamor.hu\/?page_id=1247"},"modified":"2023-05-09T12:03:24","modified_gmt":"2023-05-09T12:03:24","slug":"nyeremenyjatek-szabalyzat","status":"publish","type":"page","link":"https:\/\/miamor.hu\/en\/nyeremenyjatek-szabalyzat\/","title":{"rendered":"Guidelines for the Giveaway"},"content":{"rendered":"<h3><strong>A Veganetfood Kft. hivatalos Facebook \u00e9s Instagram oldalainak<\/strong><br \/>\n<strong>j\u00e1t\u00e9kszab\u00e1lyzata<\/strong><\/h3>\n<p>A Veganetfood Kft. (tov\u00e1bbiakban mint \u201eSzervez\u0151\u201d) rendszeres nyerem\u00e9nyj\u00e1t\u00e9kot (a tov\u00e1bbiakban \u201eJ\u00e1t\u00e9k\u201d vagy<br \/>\n\u201eNyerem\u00e9nyj\u00e1t\u00e9k\u201d) szervez hivatalos Facebook \u00e9s Instagram oldalain (Tov\u00e1bbiakban \u201eLas Vegans \u00e9s Miamor R\u00f3main oldalain\u201d), melyek a k\u00f6vetkez\u0151k:<\/p>\n<p>&#8211; Facebook:<br \/>\nLas Vegan\u2019s<br \/>\nMiamor R\u00f3main<\/p>\n<p>&#8211; Instagram:<br \/>\nlasvegansbp<br \/>\nmiamorromain<\/p>\n<p>Felh\u00edvjuk a R\u00e9sztvev\u0151k figyelm\u00e9t, hogy a J\u00e1t\u00e9k nem \u00e1ll kapcsolatban a Meta-val, azt a Meta (Facebook, Instagram) semmilyen m\u00f3don nem szponzor\u00e1lja, t\u00e1mogatja vagy szervezi, \u00edgy a Meta-t a Nyerem\u00e9nyj\u00e1t\u00e9kb\u00f3l ered\u0151en, vagy azzal kapcsolatban felel\u0151ss\u00e9g semmilyen tekintetben nem terheli, panaszkezel\u00e9sre nem k\u00f6teles \u00e9s nem is jogosult. A Nyerem\u00e9nyj\u00e1t\u00e9k tartalm\u00e1\u00e9rt kiz\u00e1r\u00f3lag a Szervez\u0151 felel\u0151s. A nyerem\u00e9nyj\u00e1t\u00e9kban val\u00f3 r\u00e9szv\u00e9tel kiz\u00e1r\u00f3lag a jelen szab\u00e1lyzatban foglalt felt\u00e9telekkel lehets\u00e9ges. A Nyerem\u00e9nyj\u00e1t\u00e9kban val\u00f3 r\u00e9szv\u00e9tellel a R\u00e9sztvev\u0151 kifejezetten elfogadja a jelen r\u00e9szv\u00e9teli felt\u00e9teleket.<\/p>\n<p>A j\u00e1t\u00e9k id\u0151tartama mindig a Facebook vagy Instagram poszt megjelen\u00e9s\u00e9vel kezd\u0151dik \u00e9s a poszt sz\u00f6veg\u00e9ben megadott sorsol\u00e1s d\u00e1tum\u00e1ig tart. A sorsol\u00e1s pontos id\u0151pontja a megadott sorsol\u00e1s d\u00e1tum\u00e1nak v\u00e9letlenszer\u0171 id\u0151pontja.<\/p>\n<p><strong>A j\u00e1t\u00e9k menete<br \/>\n<\/strong><br \/>\nA j\u00e1t\u00e9k a Las Vegans \u00e9s Miamor R\u00f3main oldalain, a j\u00e1t\u00e9k kezd\u0151 id\u0151pontj\u00e1ban kitett, a nyerem\u00e9nyj\u00e1t\u00e9kra felh\u00edv\u00f3 posztn\u00e1l (a tov\u00e1bbiakban mint \u201eJ\u00e1t\u00e9kfelh\u00edv\u00e1s\u201d), a poszt sz\u00f6veg\u00e9ben megadott m\u00f3don t\u00f6rt\u00e9nik. Ebben a J\u00e1t\u00e9kfelh\u00edv\u00e1sban felt\u00fcntetett felt\u00e9teleknek megfelel\u0151en kell a j\u00e1t\u00e9kosnak a j\u00e1t\u00e9k id\u0151tartama alatt hozz\u00e1sz\u00f3l\u00e1sban, kommentben vagy reakci\u00f3val teljes\u00edteni a J\u00e1t\u00e9kfelh\u00edv\u00e1sban meghat\u00e1rozott feladatot.<\/p>\n<p>A j\u00e1t\u00e9k v\u00e9g\u00e9n a J\u00e1t\u00e9kfelh\u00edv\u00e1sban megadott feladatot teljes\u00edt\u0151k k\u00f6z\u00fcl sorsoljuk ki a nyertest, akinek nyerem\u00e9nye szint\u00e9n a J\u00e1t\u00e9kfelh\u00edv\u00e1sban ker\u00fcl meghat\u00e1roz\u00e1sra.<\/p>\n<p><strong>Sorsol\u00e1s \u00e9s \u00e9rtes\u00edt\u00e9s<\/strong><\/p>\n<p>A nyertest a Szervez\u0151 a J\u00e1t\u00e9kfelh\u00edv\u00e1s posztja alatt hozz\u00e1sz\u00f3l\u00e1sban, amennyiben a nyertes adatv\u00e9delmi be\u00e1ll\u00edt\u00e1sai engedik, tagelve jel\u00f6li meg (a tov\u00e1bbiakban \u201e\u00c9rtes\u00edt\u00e9s\u201d), melyben k\u00e9ri, hogy vegye fel az oldal \u00fczemeltet\u0151ivel a kapcsolatot priv\u00e1t \u00fczenetben. 10 napt\u00e1ri napon bel\u00fcl egyeztetik a nyerem\u00e9ny szem\u00e9lyes illetve online t\u00f6rt\u00e9n\u0151 \u00e1tv\u00e9tel\u00e9nek m\u00f3dj\u00e1t, idej\u00e9t \u00e9s hely\u00e9t, mely szint\u00e9n a J\u00e1t\u00e9kfelh\u00edv\u00e1sban ker\u00fcl megad\u00e1sra. Amennyiben a nyertes az \u00c9rtes\u00edt\u00e9sre 2 h\u00e9ten bel\u00fcl jelentkezik, illetve egy\u00fcttm\u0171k\u00f6dik a Szervez\u0151vel a nyerem\u00e9ny szem\u00e9lyes avagy online t\u00f6rt\u00e9n\u0151 \u00e1tv\u00e9tel\u00e9nek idej\u00e9r\u0151l \u00e9s hely\u00e9r\u0151l, a sorsol\u00e1st\u00f3l sz\u00e1m\u00edtott 15 napt\u00e1ri napon bel\u00fcl a Szervez\u0151 gondoskodik arr\u00f3l, hogy a nyertesek megkapj\u00e1k a nyerem\u00e9ny\u00fcket. Amennyiben a nyertes az \u00c9rtes\u00edt\u00e9sre \u00e9szszer\u0171 id\u0151n bel\u00fcl nem v\u00e1laszol, vagy a nyerem\u00e9ny szem\u00e9lyes \u00e1tv\u00e9tel\u00e9nek idej\u00e9r\u0151l \u00e9s hely\u00e9r\u0151l t\u00f6rt\u00e9n\u0151 egyeztet\u00e9s \u00e9rdek\u00e9ben a Szervez\u0151vel nem m\u0171k\u00f6dik egy\u00fctt, a nyerem\u00e9nyre nem jogosult. Ebben az esetben \u00faj nyertest sorsolunk.<\/p>\n<p><strong>R\u00e9szv\u00e9teli jogosults\u00e1g<\/strong><\/p>\n<p>R\u00e9szv\u00e9telre jogosult valamennyi, Magyarorsz\u00e1gon lakc\u00edmmel rendelkez\u0151 term\u00e9szetes szem\u00e9ly, aki a r\u00e9szv\u00e9tel<br \/>\nid\u0151pontj\u00e1ban bet\u00f6lt\u00f6tte a 18. \u00e9let\u00e9v\u00e9t. Amennyiben a nyertes korl\u00e1tozottan cselekv\u0151k\u00e9pes a nyerem\u00e9ny \u00e1tv\u00e9tel\u00e9re a t\u00f6rv\u00e9nyes k\u00e9pvisel\u0151j\u00e9vel \/ gondnok\u00e1val egy\u00fctt \u2013 ill. a t\u00f6rv\u00e9nyes felt\u00e9telek szerint a t\u00f6rv\u00e9nyes k\u00e9pvisel\u0151 \/ gondnok egyed\u00fcl \u2013 jogosult.<\/p>\n<p>A Nyerem\u00e9nyj\u00e1t\u00e9kb\u00f3l ki vannak z\u00e1rva: a Szervez\u0151, a szervez\u00e9sben r\u00e9sztvev\u0151 szem\u00e9lyek, valamint ezen szem\u00e9lyeknek a Ptk. 8:1. \u00a7 2. pontj\u00e1ban meghat\u00e1rozott hozz\u00e1tartoz\u00f3i.<\/p>\n<p>A r\u00e9szv\u00e9teli felt\u00e9telek megs\u00e9rt\u00e9se eset\u00e9n a Szervez\u0151 fenntartja a jogot arra, hogy az \u00e9rintett szem\u00e9lyt el\u0151zetes \u00e9rtes\u00edt\u00e9s n\u00e9lk\u00fcl kiz\u00e1rja a nyerem\u00e9nyj\u00e1t\u00e9kb\u00f3l. A nyerem\u00e9nyj\u00e1t\u00e9kb\u00f3l kiz\u00e1r\u00e1sra ker\u00fclnek azok a szem\u00e9lyek, akik meg nem engedett eszk\u00f6zt haszn\u00e1lnak (pl. hacker programot, v\u00edrust, tr\u00f3jai szoftvert stb.) vagy m\u00e1s manipul\u00e1ci\u00f3 \u00fatj\u00e1n szereznek jogosulatlan el\u0151nyt. Szint\u00e9n kiz\u00e1rhat\u00f3 a J\u00e1t\u00e9kb\u00f3l az, aki harmadik szem\u00e9ly nev\u00e9ben j\u00e1tszik an\u00e9lk\u00fcl, hogy err\u0151l a harmadik szem\u00e9lyt el\u0151zetes \u00edr\u00e1sban t\u00e1j\u00e9koztatn\u00e1 \u00e9s \u00edr\u00e1sbeli hozz\u00e1j\u00e1rul\u00e1s\u00e1t valamint a nyerem\u00e9nyj\u00e1t\u00e9kban t\u00f6rt\u00e9n\u0151 r\u00e9szv\u00e9telre sz\u00f3l\u00f3, megfelel\u0151 meghatalmaz\u00e1st beszerezn\u00e9). E mellett tilos ig\u00e9nybe venni a J\u00e1t\u00e9k sor\u00e1n nyerem\u00e9nyj\u00e1t\u00e9k-egyes\u00fcleteket, automatiz\u00e1lt szolg\u00e1ltat\u00f3kat, \u00e9s f\u0151leg professzion\u00e1lis nyerem\u00e9nyj\u00e1t\u00e9k szolg\u00e1latokat. A nyerem\u00e9nysorsol\u00e1sban nem vehetnek r\u00e9szt azok a felt\u00f6lt\u00f6tt k\u00e9pek, melyekr\u0151l bizony\u00edtottan kider\u00fcl, hogy nem a felt\u00f6lt\u0151 tulajdona, illetve amely tekintet\u00e9ben a szerz\u0151i jogi v\u00e9delem nem a felt\u00f6lt\u0151t illeti meg. A r\u00e9sztvev\u0151k kiz\u00e1r\u00e1sa eset\u00e9n a m\u00e1r kiutalt vagy kisz\u00e1ll\u00edtott nyerem\u00e9nyek visszak\u00f6vetelhet\u0151k.<\/p>\n<p><strong>Felel\u0151ss\u00e9g kiz\u00e1r\u00e1sa<\/strong><\/p>\n<p>A j\u00e1t\u00e9k el\u00e9rhet\u0151s\u00e9g\u00e9t \u00e9s m\u0171k\u00f6d\u00e9s\u00e9t sz\u00e1mos, a Szervez\u0151 befoly\u00e1s\u00e1n k\u00edv\u00fcl \u00e1ll\u00f3 t\u00e9nyez\u0151 is \u00e9rintheti, mint p\u00e9ld\u00e1ul a j\u00e1t\u00e9k szervez\u00e9s\u00e9hez kapcsol\u00f3d\u00f3 gy\u00e1rt\u00f3k, az informatikai rendszereket \u00fczemeltet\u0151 c\u00e9g (tov\u00e1bbiakban \u201ePartner), ez\u00e9rt Szervez\u0151 a honlap folyamatos, zavartalan haszn\u00e1lat\u00e1t nem tudja garant\u00e1lni. A Szervez\u0151 a honlap m\u0171k\u00f6d\u00e9si, \u00e9s egy\u00e9b hib\u00e1ival kapcsolatos mindennem\u0171 felel\u0151ss\u00e9g\u00e9t kiz\u00e1rja. A Szervez\u0151 nem vonhat\u00f3 felel\u0151ss\u00e9gre technikai zavarok\u00e9rt, p\u00e9ld\u00e1ul elektromos vagy sz\u00e1m\u00edt\u00f3g\u00e9pes h\u00e1l\u00f3zati kimarad\u00e1s\u00e9rt, sem pedig a Facebook m\u0171k\u00f6d\u00e9si- vagy egy\u00e9b hib\u00e1ib\u00f3l ered\u0151 probl\u00e9m\u00e1k\u00e9rt vagy az ezek b\u00e1rmelyik\u00e9vel okozati \u00f6sszef\u00fcgg\u00e9sben bek\u00f6vetkez\u0151 k\u00e1rok\u00e9rt. A Szervez\u0151 ezek tekintet\u00e9ben, illetve az esetleges szerz\u0151d\u00e9sszeg\u00e9se tekintet\u00e9ben \u00e1ltal\u00e1ban is a jogszab\u00e1lyok \u00e1ltal lehet\u0151v\u00e9 tett legteljesebb m\u00e9rt\u00e9kben kiz\u00e1rja mindennem\u0171 felel\u0151ss\u00e9g\u00e9t, k\u00fcl\u00f6n\u00f6sen, de nem kiz\u00e1r\u00f3lag a szerz\u0151d\u00e9sszeg\u00e9ssel okozott k\u00e1rok\u00e9rt val\u00f3 felel\u0151ss\u00e9g\u00e9t. A felel\u0151ss\u00e9gkiz\u00e1r\u00e1s nem terjed ki a sz\u00e1nd\u00e9kosan okozott, tov\u00e1bb\u00e1 emberi \u00e9letet, testi \u00e9ps\u00e9get vagy eg\u00e9szs\u00e9get<br \/>\nmegk\u00e1ros\u00edt\u00f3 szerz\u0151d\u00e9sszeg\u00e9sre.<\/p>\n<p><strong>A j\u00e1t\u00e9k id\u0151 el\u0151tti befejez\u00e9se<\/strong><\/p>\n<p>A Szervez\u0151 fenntartja a jogot arra, hogy a nyerem\u00e9nyj\u00e1t\u00e9kot b\u00e1rmikor el\u0151zetes bejelent\u00e9s \u00e9s indokl\u00e1s n\u00e9lk\u00fcl megszak\u00edtsa, vagy annak v\u00e9get vessen. A Szervez\u0151 k\u00fcl\u00f6n\u00f6sen abban az esetben \u00e9l ezzel a lehet\u0151s\u00e9ggel, ha technikai okb\u00f3l (pl. v\u00edrus a sz\u00e1m\u00edt\u00f3g\u00e9pes rendszerben, beavatkoz\u00e1s vagy hiba a hardverben vagy szoftverben) vagy jogi okb\u00f3l a j\u00e1t\u00e9k tov\u00e1bbi zavartalan folytat\u00e1sa nem biztos\u00edthat\u00f3. Amennyiben ezt valamely r\u00e9sztvev\u0151 magatart\u00e1sa id\u00e9zte el\u0151, a Szervez\u0151 az adott szem\u00e9lyt\u0151l k\u00f6vetelheti a keletkezett k\u00e1r megt\u00e9r\u00edt\u00e9s\u00e9t.<\/p>\n<p><strong>A jogi \u00fat ig\u00e9nybev\u00e9tele<\/strong><\/p>\n<p>A r\u00e9sztvev\u0151 \u00e9s a Szervez\u0151 k\u00f6z\u00f6tti esetleges jogvit\u00e1k elb\u00edr\u00e1l\u00e1s\u00e1ra a Szervez\u0151 sz\u00e9khelye szerint illet\u00e9kes, hat\u00e1sk\u00f6rrel rendelkez\u0151 b\u00edr\u00f3s\u00e1g jogosult.<\/p>\n<p><strong>Egy\u00e9b rendelkez\u00e9sek<\/strong><\/p>\n<p>A Szervez\u0151 fenntartja tov\u00e1bb\u00e1 a jogot arra, hogy a r\u00e9szv\u00e9teli felt\u00e9teleket b\u00e1rmikor el\u0151zetes bejelent\u00e9s \u00e9s k\u00fcl\u00f6n \u00e9rtes\u00edt\u00e9s n\u00e9lk\u00fcl megv\u00e1ltoztassa, amennyiben ez jogi vagy objekt\u00edv okokb\u00f3l sz\u00fcks\u00e9ges. A J\u00e1t\u00e9kszab\u00e1lyzat mindenkor \u00e9rv\u00e9nyes v\u00e1ltozata a Las Vegans \u00e9s Miamor R\u00f3main facebook oldalain, a jegyzetek men\u00fcpont alatt el\u00e9rhet\u0151ek vagy a www.lasvegans.hu\u00a0 \u00e9s www.miamor.hu oldalon.<\/p>\n<p>A Szervez\u0151 viseli a nyerem\u00e9ny \u00e1tad\u00e1s\u00e1val \u00e9s \u00e1tv\u00e9tel\u00e9vel kapcsolatos valamennyi k\u00f6zterhet, ide\u00e9rtve a jogszab\u00e1ly alapj\u00e1n egy\u00e9bk\u00e9nt k\u00f6zvetlen\u00fcl a nyertes \u00e1ltal bevalland\u00f3 \u00e9s fizetend\u0151 k\u00f6zterhet is.<\/p>\n<p>Amennyiben a jelen rendelkez\u00e9sek egyes r\u00e9szei \u00e9rv\u00e9nytelenek, vagy \u00e9rv\u00e9nytelenn\u00e9 v\u00e1lnak, ez a k\u00f6r\u00fclm\u00e9ny a t\u00f6bbi rendelkez\u00e9s \u00e9rv\u00e9nyess\u00e9g\u00e9t nem \u00e9rinti. Ezek hely\u00e9be egy jogilag megfelel\u0151 szab\u00e1lyoz\u00e1s l\u00e9p, amely az \u00e9rv\u00e9nytelen rendelkez\u00e9sek c\u00e9lj\u00e1nak legink\u00e1bb megfelel.<\/p>\n<p><strong>Adatkezel\u00e9si szab\u00e1lyok<\/strong><\/p>\n<p>A R\u00e9sztvev\u0151 j\u00e1t\u00e9kban t\u00f6rt\u00e9n\u0151 r\u00e9szv\u00e9tel\u00e9hez sz\u00fcks\u00e9ges szem\u00e9lyes adatainak (n\u00e9v, Facebook \u00e9s Instagram felhaszn\u00e1l\u00f3i n\u00e9v) a Szervez\u0151 \u00e1ltali kezel\u00e9se a nyerem\u00e9nyj\u00e1t\u00e9kban t\u00f6rt\u00e9n\u0151 r\u00e9szv\u00e9tellel l\u00e9trej\u00f6v\u0151 szerz\u0151d\u00e9s teljes\u00edt\u00e9s\u00e9hez sz\u00fcks\u00e9ges (GDPR 6. cikk (1) bek. b) pont). A megadott adatokat az A Veganetfood Kft. kiz\u00e1r\u00f3lag a J\u00e1t\u00e9k lebonyol\u00edt\u00e1sa c\u00e9lj\u00e1b\u00f3l kezeli, t\u00e1rolja. A J\u00e1t\u00e9kos t\u00e9ves adatszolg\u00e1ltat\u00e1s\u00e1b\u00f3l ered\u0151en a Szervez\u0151t felel\u0151ss\u00e9g nem terheli. A J\u00e1t\u00e9k Nyertesei tudom\u00e1sul veszik hogy, a jelen Szab\u00e1lyzatban megjel\u00f6lt sorsol\u00e1si id\u0151pontot k\u00f6vet\u0151en, a Veganetfood Kft. \u00e1ltal kezdem\u00e9nyezett kapcsolatfelv\u00e9tel sor\u00e1n, a Veganetfood Kft. tov\u00e1bbi szem\u00e9lyes adatot is elk\u00e9rhet (pl. n\u00e9v, telefonsz\u00e1m, e-mail c\u00edm, telep\u00fcl\u00e9sn\u00e9v vagy pontos lakc\u00edm) a nyerem\u00e9ny \u00e1tad\u00e1sa \u00e9rdek\u00e9ben (GDPR 6. cikk (1) bek. b) pont) illetve a nyerem\u00e9nnyel kapcsolatos sz\u00e1mviteli illetve ad\u00f3elj\u00e1r\u00e1si k\u00f6telezetts\u00e9gek teljes\u00edt\u00e9se (GDPR 6. cikk (1) bek. c) pont) \u00e9rdek\u00e9ben, amelyeket a Veganetfood Kft. a sz\u00e1mvitelr\u0151l sz\u00f3l\u00f3 2000. \u00e9vi C. t\u00f6rv\u00e9ny 169. \u00a7 (2) bekezd\u00e9se alapj\u00e1n a Nyerem\u00e9ny \u00e1tad\u00e1s\u00e1t\u00f3l sz\u00e1m\u00edtott 8 \u00e9vig a nyilv\u00e1ntart\u00e1s\u00e1ban r\u00f6gz\u00edt, kezel. A Nyertesek egyebekben hozz\u00e1j\u00e1rulnak ahhoz, hogy a sorsol\u00e1st k\u00f6vet\u0151en teljes nev\u00fck \u00e9s a megadott telep\u00fcl\u00e9s neve a Szervez\u0151 hivatalos Facebook oldal\u00e1n k\u00f6zz\u00e9t\u00e9telre ker\u00fclj\u00f6n a Nyerem\u00e9nyj\u00e1t\u00e9k lez\u00e1rul\u00e1s\u00e1t\u00f3l sz\u00e1m\u00edtott 30 napig. E tekintetben az adatkezel\u00e9s \u00f6nk\u00e9ntes hozz\u00e1j\u00e1rul\u00e1son alapul<br \/>\n(GDPR 6. cikk (1) bek. a) pont). Ezen hozz\u00e1j\u00e1rul\u00e1s nem felt\u00e9tele a Nyerem\u00e9ny \u00e1tad\u00e1s\u00e1nak.<\/p>\n<p><strong>A Szem\u00e9lyes adatok kezel\u0151je: <\/strong>Veganetfood Kft. \/ Szervez\u0151<br \/>\n<strong>C\u00e9gjegyz\u00e9ksz\u00e1m:<\/strong> 13-09-172628<\/p>\n<p>\u00c9rintett szem\u00e9lyek jogai<\/p>\n<p>K\u00e9r\u00e9s\u00e9re a t\u00e1rolt szem\u00e9lyes adatair\u00f3l b\u00e1rmikor t\u00e1j\u00e9koztat\u00e1st k\u00e9rhet.<br \/>\n<strong>Szervez\u0151 Adatv\u00e9delmi tisztvisel\u0151j\u00e9nek el\u00e9rhet\u0151s\u00e9ge:<\/strong><br \/>\n<strong>C\u00edm:<\/strong> 2013 Pom\u00e1z, Panor\u00e1ma \u00fat 9.<br \/>\n<strong>E-mail:<\/strong> info@lasvegans.eu, info.miamorromaim@gmail.com<\/p>\n<p>A t\u00f6rv\u00e9nyi felt\u00e9telek fenn\u00e1ll\u00e1sa eset\u00e9n ezenfel\u00fcl jogosult szem\u00e9lyes adatai helyesb\u00edt\u00e9s\u00e9t, a GDPR 17. cikkben<br \/>\nmeghat\u00e1rozott felt\u00e9telek fenn\u00e1ll\u00e1sa eset\u00e9n t\u00f6rl\u00e9s\u00e9t \u00e9s az adatkezel\u00e9s korl\u00e1toz\u00e1s\u00e1t is k\u00e9rni. Abban az esetben, ha a J\u00e1t\u00e9k lez\u00e1rulta vagy a sorsol\u00e1sok el\u0151tt k\u00e9ri adatai t\u00f6rl\u00e9s\u00e9t, \u00fagy azzal a J\u00e1t\u00e9kban, sorsol\u00e1sban val\u00f3 r\u00e9szv\u00e9tel\u00e9t \u00e9s \u00edgy es\u00e9ly\u00e9t a nyerem\u00e9nyre is megsz\u0171nteti.<\/p>\n<p>Tekintettel, hogy az adatkezel\u00e9s r\u00e9szben hozz\u00e1j\u00e1rul\u00e1son alapul (nyertes nev\u00e9nek \u00e9s telep\u00fcl\u00e9s\u00e9nek k\u00f6zz\u00e9t\u00e9tele), a m\u00e1r megval\u00f3sult adatkezel\u00e9s jogszer\u0171s\u00e9g\u00e9nek megk\u00e9rd\u0151jelez\u00e9se n\u00e9lk\u00fcl a j\u00f6v\u0151re n\u00e9zve a hozz\u00e1j\u00e1rul\u00e1st b\u00e1rmikor visszavonhatja.<\/p>\n<p>Ezenfel\u00fcl jogosult panaszt tenni az adatv\u00e9delmi hat\u00f3s\u00e1gn\u00e1l (NAIH: 1125 Budapest, Szil\u00e1gyi Erzs\u00e9bet fasor 22\/c.) illetve az illet\u00e9kes b\u00edr\u00f3s\u00e1gn\u00e1l \u00e9rv\u00e9nyes\u00edtheti jogait.<\/p>\n<p>2013 Pom\u00e1z, Panor\u00e1ma \u00fat 9.<br \/>\nBudapest, 2023. 05. 03.<\/p>","protected":false},"excerpt":{"rendered":"<p>A Veganetfood Kft. hivatalos Facebook \u00e9s Instagram oldalainak j\u00e1t\u00e9kszab\u00e1lyzata A Veganetfood Kft. (tov\u00e1bbiakban mint \u201eSzervez\u0151\u201d) rendszeres nyerem\u00e9nyj\u00e1t\u00e9kot (a tov\u00e1bbiakban \u201eJ\u00e1t\u00e9k\u201d vagy \u201eNyerem\u00e9nyj\u00e1t\u00e9k\u201d) szervez hivatalos Facebook \u00e9s Instagram oldalain (Tov\u00e1bbiakban \u201eLas Vegans \u00e9s Miamor R\u00f3main oldalain\u201d), melyek a k\u00f6vetkez\u0151k: &#8211; Facebook: Las Vegan\u2019s Miamor R\u00f3main &#8211; Instagram: lasvegansbp miamorromain Felh\u00edvjuk a R\u00e9sztvev\u0151k figyelm\u00e9t, hogy a J\u00e1t\u00e9k [&hellip;]<\/p>","protected":false},"author":1,"featured_media":0,"parent":0,"menu_order":0,"comment_status":"closed","ping_status":"closed","template":"","meta":{"_et_pb_use_builder":"","_et_pb_old_content":"","_et_gb_content_width":""},"_links":{"self":[{"href":"https:\/\/miamor.hu\/en\/wp-json\/wp\/v2\/pages\/1247"}],"collection":[{"href":"https:\/\/miamor.hu\/en\/wp-json\/wp\/v2\/pages"}],"about":[{"href":"https:\/\/miamor.hu\/en\/wp-json\/wp\/v2\/types\/page"}],"author":[{"embeddable":true,"href":"https:\/\/miamor.hu\/en\/wp-json\/wp\/v2\/users\/1"}],"replies":[{"embeddable":true,"href":"https:\/\/miamor.hu\/en\/wp-json\/wp\/v2\/comments?post=1247"}],"version-history":[{"count":3,"href":"https:\/\/miamor.hu\/en\/wp-json\/wp\/v2\/pages\/1247\/revisions"}],"predecessor-version":[{"id":1252,"href":"https:\/\/miamor.hu\/en\/wp-json\/wp\/v2\/pages\/1247\/revisions\/1252"}],"wp:attachment":[{"href":"https:\/\/miamor.hu\/en\/wp-json\/wp\/v2\/media?parent=1247"}],"curies":[{"name":"wp","href":"https:\/\/api.w.org\/{rel}","templated":true}]}}